{"id":2992,"date":"2020-02-07T15:28:47","date_gmt":"2020-02-07T14:28:47","guid":{"rendered":"https:\/\/xxl-visibility.com\/?page_id=2992"},"modified":"2020-02-07T16:42:53","modified_gmt":"2020-02-07T15:42:53","slug":"contact","status":"publish","type":"page","link":"https:\/\/xxl-visibility.com\/en\/contact\/","title":{"rendered":"Contact"},"content":{"rendered":"<p>[et_pb_section fb_built=&#8221;1&#8243; fullwidth=&#8221;on&#8221; _builder_version=&#8221;3.22&#8243;][et_pb_fullwidth_header title=&#8221;Contact&#8221; text_orientation=&#8221;center&#8221; background_overlay_color=&#8221;rgba(0,0,0,0.3)&#8221; _builder_version=&#8221;4.0.2&#8243; background_color=&#8221;rgba(255, 255, 255, 0)&#8221; background_image=&#8221;https:\/\/xxl-visibility.com\/wp-content\/uploads\/2018\/01\/publication4.png&#8221; button_one_text_size__hover_enabled=&#8221;off&#8221; button_two_text_size__hover_enabled=&#8221;off&#8221; button_one_text_color__hover_enabled=&#8221;off&#8221; button_two_text_color__hover_enabled=&#8221;off&#8221; button_one_border_width__hover_enabled=&#8221;off&#8221; button_two_border_width__hover_enabled=&#8221;off&#8221; button_one_border_color__hover_enabled=&#8221;off&#8221; button_two_border_color__hover_enabled=&#8221;off&#8221; button_one_border_radius__hover_enabled=&#8221;off&#8221; button_two_border_radius__hover_enabled=&#8221;off&#8221; button_one_letter_spacing__hover_enabled=&#8221;off&#8221; button_two_letter_spacing__hover_enabled=&#8221;off&#8221; button_one_bg_color__hover_enabled=&#8221;off&#8221; button_two_bg_color__hover_enabled=&#8221;off&#8221;][\/et_pb_fullwidth_header][\/et_pb_section][et_pb_section fb_built=&#8221;1&#8243; _builder_version=&#8221;3.22&#8243;][et_pb_row column_structure=&#8221;2_5,3_5&#8243; module_class=&#8221;contactez-nous&#8221; _builder_version=&#8221;4.0.2&#8243; custom_padding=&#8221;70px||||false|false&#8221;][et_pb_column type=&#8221;2_5&#8243; _builder_version=&#8221;4.0.2&#8243;][et_pb_divider show_divider=&#8221;off&#8221; _builder_version=&#8221;4.0.2&#8243; custom_padding=&#8221;80px||||false|false&#8221;][\/et_pb_divider][et_pb_text admin_label=&#8221;Contactez-nous&#8221; _builder_version=&#8221;4.0.2&#8243; hover_enabled=&#8221;0&#8243;]<\/p>\n<h2>Contact us<\/h2>\n<p>Tell us about your problem and the targeted audience of your company. We will offer you suitable solutions.<\/p>\n<p><b>XXL VISIBILITY<\/b><br \/>74 rue Ney<br \/>69006 Lyon, France<\/p>\n<p>04 72 15 90 28<br \/><a href=\"mailto:christophe@xxl-visibility.com\">christophe@xxl-visibility.com<\/a><\/p>\n<p>[\/et_pb_text][\/et_pb_column][et_pb_column type=&#8221;3_5&#8243; _builder_version=&#8221;4.0.2&#8243;][et_pb_contact_form submit_button_text=&#8221;Send&#8221; _builder_version=&#8221;4.0.2&#8243; background_color=&#8221;#ef5023&#8243; custom_padding=&#8221;60px|50px|60px|50px|false|false&#8221;][et_pb_contact_field field_id=&#8221;Name&#8221; field_title=&#8221;Name&#8221; _builder_version=&#8221;4.0.2&#8243; button_text_size__hover_enabled=&#8221;off&#8221; button_one_text_size__hover_enabled=&#8221;off&#8221; button_two_text_size__hover_enabled=&#8221;off&#8221; button_text_color__hover_enabled=&#8221;off&#8221; button_one_text_color__hover_enabled=&#8221;off&#8221; button_two_text_color__hover_enabled=&#8221;off&#8221; button_border_width__hover_enabled=&#8221;off&#8221; button_one_border_width__hover_enabled=&#8221;off&#8221; button_two_border_width__hover_enabled=&#8221;off&#8221; button_border_color__hover_enabled=&#8221;off&#8221; button_one_border_color__hover_enabled=&#8221;off&#8221; button_two_border_color__hover_enabled=&#8221;off&#8221; button_border_radius__hover_enabled=&#8221;off&#8221; button_one_border_radius__hover_enabled=&#8221;off&#8221; button_two_border_radius__hover_enabled=&#8221;off&#8221; button_letter_spacing__hover_enabled=&#8221;off&#8221; button_one_letter_spacing__hover_enabled=&#8221;off&#8221; button_two_letter_spacing__hover_enabled=&#8221;off&#8221; button_bg_color__hover_enabled=&#8221;off&#8221; button_one_bg_color__hover_enabled=&#8221;off&#8221; button_two_bg_color__hover_enabled=&#8221;off&#8221;][\/et_pb_contact_field][et_pb_contact_field field_id=&#8221;Email&#8221; field_title=&#8221;E-mail&#8221; field_type=&#8221;email&#8221; _builder_version=&#8221;4.0.2&#8243; button_text_size__hover_enabled=&#8221;off&#8221; button_one_text_size__hover_enabled=&#8221;off&#8221; button_two_text_size__hover_enabled=&#8221;off&#8221; button_text_color__hover_enabled=&#8221;off&#8221; button_one_text_color__hover_enabled=&#8221;off&#8221; button_two_text_color__hover_enabled=&#8221;off&#8221; button_border_width__hover_enabled=&#8221;off&#8221; button_one_border_width__hover_enabled=&#8221;off&#8221; button_two_border_width__hover_enabled=&#8221;off&#8221; button_border_color__hover_enabled=&#8221;off&#8221; button_one_border_color__hover_enabled=&#8221;off&#8221; button_two_border_color__hover_enabled=&#8221;off&#8221; button_border_radius__hover_enabled=&#8221;off&#8221; button_one_border_radius__hover_enabled=&#8221;off&#8221; button_two_border_radius__hover_enabled=&#8221;off&#8221; button_letter_spacing__hover_enabled=&#8221;off&#8221; button_one_letter_spacing__hover_enabled=&#8221;off&#8221; button_two_letter_spacing__hover_enabled=&#8221;off&#8221; button_bg_color__hover_enabled=&#8221;off&#8221; button_one_bg_color__hover_enabled=&#8221;off&#8221; button_two_bg_color__hover_enabled=&#8221;off&#8221;][\/et_pb_contact_field][et_pb_contact_field field_id=&#8221;phone&#8221; field_title=&#8221;Phone number&#8221; required_mark=&#8221;off&#8221; fullwidth_field=&#8221;on&#8221; _builder_version=&#8221;4.0.2&#8243;][\/et_pb_contact_field][et_pb_contact_field field_id=&#8221;societe&#8221; field_title=&#8221;Company&#8221; required_mark=&#8221;off&#8221; fullwidth_field=&#8221;on&#8221; _builder_version=&#8221;4.0.2&#8243;][\/et_pb_contact_field][et_pb_contact_field field_id=&#8221;technologie&#8221; field_title=&#8221;Technology&#8221; field_type=&#8221;select&#8221; select_options=&#8221;%91{%22value%22:%22Ciblage mobiles sur zones GPS%22,%22checked%22:0,%22dragID%22:-1},{%22value%22:%22Ciblage mobiles sur \u00e9v\u00e8nements%22,%22checked%22:0,%22dragID%22:0},{%22value%22:%22Reciblage internautes connect\u00e9s \u00e0 votre site web%22,%22checked%22:0,%22dragID%22:1},{%22value%22:%22Reciblage internautes abandon de panier d\u2019achat%22,%22checked%22:0,%22dragID%22:2},{%22value%22:%22Reciblage internautes par mots clefs contextuels%22,%22checked%22:0,%22dragID%22:3},{%22value%22:%22Ciblage internautes par typologie%22,%22checked%22:0,%22dragID%22:4},{%22value%22:%22Ciblage internautes par cat\u00e9gories de contenus visit\u00e9s%22,%22checked%22:0,%22dragID%22:5},{%22value%22:%22Ciblage par l\u2019application Waze%22,%22checked%22:0,%22dragID%22:6}%93&#8243; fullwidth_field=&#8221;on&#8221; _builder_version=&#8221;4.0.2&#8243;][\/et_pb_contact_field][et_pb_contact_field field_id=&#8221;Message&#8221; field_title=&#8221;Message&#8221; field_type=&#8221;text&#8221; fullwidth_field=&#8221;on&#8221; _builder_version=&#8221;3.16&#8243; button_text_size__hover_enabled=&#8221;off&#8221; button_one_text_size__hover_enabled=&#8221;off&#8221; button_two_text_size__hover_enabled=&#8221;off&#8221; button_text_color__hover_enabled=&#8221;off&#8221; button_one_text_color__hover_enabled=&#8221;off&#8221; button_two_text_color__hover_enabled=&#8221;off&#8221; button_border_width__hover_enabled=&#8221;off&#8221; button_one_border_width__hover_enabled=&#8221;off&#8221; button_two_border_width__hover_enabled=&#8221;off&#8221; button_border_color__hover_enabled=&#8221;off&#8221; button_one_border_color__hover_enabled=&#8221;off&#8221; button_two_border_color__hover_enabled=&#8221;off&#8221; button_border_radius__hover_enabled=&#8221;off&#8221; button_one_border_radius__hover_enabled=&#8221;off&#8221; button_two_border_radius__hover_enabled=&#8221;off&#8221; button_letter_spacing__hover_enabled=&#8221;off&#8221; button_one_letter_spacing__hover_enabled=&#8221;off&#8221; button_two_letter_spacing__hover_enabled=&#8221;off&#8221; button_bg_color__hover_enabled=&#8221;off&#8221; button_one_bg_color__hover_enabled=&#8221;off&#8221; button_two_bg_color__hover_enabled=&#8221;off&#8221;][\/et_pb_contact_field][et_pb_contact_field field_id=&#8221;RGPD&#8221; field_title=&#8221;Privacy Policy&#8221; field_type=&#8221;checkbox&#8221; checkbox_options=&#8221;%91{%22value%22:%22I have read and I accept your privacy policy%22,%22checked%22:0,%22dragID%22:-1,%22link_text%22:%22%22,%22link_url%22:%22https:\/\/xxl-visibility.com\/mentions-legales-et-politique-de-confidentialite\/%22}%93&#8243; _builder_version=&#8221;4.0.2&#8243; form_field_font_size=&#8221;12px&#8221;][\/et_pb_contact_field][\/et_pb_contact_form][\/et_pb_column][\/et_pb_row][\/et_pb_section]<\/p>\n","protected":false},"excerpt":{"rendered":"<p>Contact us Tell us about your problem and the targeted audience of your company. We will offer you suitable solutions. XXL VISIBILITY74 rue Ney69006 Lyon, France 04 72 15 90 28christophe@xxl-visibility.com<\/p>\n","protected":false},"author":1,"featured_media":0,"parent":0,"menu_order":0,"comment_status":"closed","ping_status":"closed","template":"","meta":{"_et_pb_use_builder":"on","_et_pb_old_content":"[et_pb_section fb_built=\"1\" fullwidth=\"on\" _builder_version=\"3.22\"][et_pb_fullwidth_header title=\"Contact\" text_orientation=\"center\" background_overlay_color=\"rgba(0,0,0,0.3)\" _builder_version=\"3.16\" background_color=\"rgba(255, 255, 255, 0)\" background_image=\"https:\/\/xxl-visibility.com\/wp-content\/uploads\/2018\/01\/publication4.png\" button_one_text_size__hover_enabled=\"off\" button_two_text_size__hover_enabled=\"off\" button_one_text_color__hover_enabled=\"off\" button_two_text_color__hover_enabled=\"off\" button_one_border_width__hover_enabled=\"off\" button_two_border_width__hover_enabled=\"off\" button_one_border_color__hover_enabled=\"off\" button_two_border_color__hover_enabled=\"off\" button_one_border_radius__hover_enabled=\"off\" button_two_border_radius__hover_enabled=\"off\" button_one_letter_spacing__hover_enabled=\"off\" button_two_letter_spacing__hover_enabled=\"off\" button_one_bg_color__hover_enabled=\"off\" button_two_bg_color__hover_enabled=\"off\"][\/et_pb_fullwidth_header][\/et_pb_section][et_pb_section fb_built=\"1\" _builder_version=\"3.22\"][et_pb_row column_structure=\"2_5,3_5\" module_class=\"contactez-nous\" _builder_version=\"4.0.2\" custom_padding=\"70px||||false|false\"][et_pb_column type=\"2_5\" _builder_version=\"4.0.2\"][et_pb_divider show_divider=\"off\" _builder_version=\"4.0.2\" custom_padding=\"30px||||false|false\"][\/et_pb_divider][et_pb_text admin_label=\"Contactez-nous\" _builder_version=\"4.0.2\"]<h2>Contactez-nous<\/h2>\r\n<p>Exposez nous votre probl\u00e9matique et la client\u00e8le cible de votre soci\u00e9t\u00e9. Nous vous proposons des solutions adapt\u00e9es.<\/p>\r\n<p><strong>XXL VISIBILITY<\/strong><br \/>74 rue Ney<br \/>69006 Lyon, France<\/p>\r\n<p>04 72 15 90 28<br \/><a href=\"mailto:christophe@xxl-visibility.com\">christophe@xxl-visibility.com<\/a><\/p>[\/et_pb_text][\/et_pb_column][et_pb_column type=\"3_5\" _builder_version=\"4.0.2\"][et_pb_contact_form submit_button_text=\"Envoyer\" _builder_version=\"4.0.2\" background_color=\"#ef5023\" custom_padding=\"60px|50px|60px|50px|false|false\"][et_pb_contact_field field_id=\"Name\" field_title=\"Nom\" _builder_version=\"4.0.2\" button_text_size__hover_enabled=\"off\" button_one_text_size__hover_enabled=\"off\" button_two_text_size__hover_enabled=\"off\" button_text_color__hover_enabled=\"off\" button_one_text_color__hover_enabled=\"off\" button_two_text_color__hover_enabled=\"off\" button_border_width__hover_enabled=\"off\" button_one_border_width__hover_enabled=\"off\" button_two_border_width__hover_enabled=\"off\" button_border_color__hover_enabled=\"off\" button_one_border_color__hover_enabled=\"off\" button_two_border_color__hover_enabled=\"off\" button_border_radius__hover_enabled=\"off\" button_one_border_radius__hover_enabled=\"off\" button_two_border_radius__hover_enabled=\"off\" button_letter_spacing__hover_enabled=\"off\" button_one_letter_spacing__hover_enabled=\"off\" button_two_letter_spacing__hover_enabled=\"off\" button_bg_color__hover_enabled=\"off\" button_one_bg_color__hover_enabled=\"off\" button_two_bg_color__hover_enabled=\"off\"][\/et_pb_contact_field][et_pb_contact_field field_id=\"Email\" field_title=\"Adresse e-mail\" field_type=\"email\" _builder_version=\"3.16\" button_text_size__hover_enabled=\"off\" button_one_text_size__hover_enabled=\"off\" button_two_text_size__hover_enabled=\"off\" button_text_color__hover_enabled=\"off\" button_one_text_color__hover_enabled=\"off\" button_two_text_color__hover_enabled=\"off\" button_border_width__hover_enabled=\"off\" button_one_border_width__hover_enabled=\"off\" button_two_border_width__hover_enabled=\"off\" button_border_color__hover_enabled=\"off\" button_one_border_color__hover_enabled=\"off\" button_two_border_color__hover_enabled=\"off\" button_border_radius__hover_enabled=\"off\" button_one_border_radius__hover_enabled=\"off\" button_two_border_radius__hover_enabled=\"off\" button_letter_spacing__hover_enabled=\"off\" button_one_letter_spacing__hover_enabled=\"off\" button_two_letter_spacing__hover_enabled=\"off\" button_bg_color__hover_enabled=\"off\" button_one_bg_color__hover_enabled=\"off\" button_two_bg_color__hover_enabled=\"off\"][\/et_pb_contact_field][et_pb_contact_field field_id=\"phone\" field_title=\"T\u00e9l\u00e9phone\" required_mark=\"off\" fullwidth_field=\"on\" _builder_version=\"4.0.2\"][\/et_pb_contact_field][et_pb_contact_field field_id=\"societe\" field_title=\"Soci\u00e9t\u00e9\" required_mark=\"off\" fullwidth_field=\"on\" _builder_version=\"4.0.2\"][\/et_pb_contact_field][et_pb_contact_field field_id=\"technologie\" field_title=\"Technologie\" field_type=\"select\" select_options=\"%91{%22value%22:%22Ciblage mobiles sur zones GPS%22,%22checked%22:0,%22dragID%22:-1},{%22value%22:%22Ciblage mobiles sur \u00e9v\u00e8nements%22,%22checked%22:0,%22dragID%22:0},{%22value%22:%22Reciblage internautes connect\u00e9s \u00e0 votre site web%22,%22checked%22:0,%22dragID%22:1},{%22value%22:%22Reciblage internautes abandon de panier d\u2019achat%22,%22checked%22:0,%22dragID%22:2},{%22value%22:%22Reciblage internautes par mots clefs contextuels%22,%22checked%22:0,%22dragID%22:3},{%22value%22:%22Ciblage  internautes par typologie%22,%22checked%22:0,%22dragID%22:4},{%22value%22:%22Ciblage  internautes par cat\u00e9gories de contenus visit\u00e9s%22,%22checked%22:0,%22dragID%22:5},{%22value%22:%22Ciblage par l\u2019application Waze%22,%22checked%22:0,%22dragID%22:6}%93\" fullwidth_field=\"on\" _builder_version=\"4.0.2\"][\/et_pb_contact_field][et_pb_contact_field field_id=\"Message\" field_title=\"Message\" field_type=\"text\" fullwidth_field=\"on\" _builder_version=\"3.16\" button_text_size__hover_enabled=\"off\" button_one_text_size__hover_enabled=\"off\" button_two_text_size__hover_enabled=\"off\" button_text_color__hover_enabled=\"off\" button_one_text_color__hover_enabled=\"off\" button_two_text_color__hover_enabled=\"off\" button_border_width__hover_enabled=\"off\" button_one_border_width__hover_enabled=\"off\" button_two_border_width__hover_enabled=\"off\" button_border_color__hover_enabled=\"off\" button_one_border_color__hover_enabled=\"off\" button_two_border_color__hover_enabled=\"off\" button_border_radius__hover_enabled=\"off\" button_one_border_radius__hover_enabled=\"off\" button_two_border_radius__hover_enabled=\"off\" button_letter_spacing__hover_enabled=\"off\" button_one_letter_spacing__hover_enabled=\"off\" button_two_letter_spacing__hover_enabled=\"off\" button_bg_color__hover_enabled=\"off\" button_one_bg_color__hover_enabled=\"off\" button_two_bg_color__hover_enabled=\"off\"][\/et_pb_contact_field][et_pb_contact_field field_id=\"RGPD\" field_title=\"Politique de confidentialit\u00e9\" field_type=\"checkbox\" checkbox_options=\"%91{%22value%22:%22J'ai lu et j'accepte la politique de confidentialit\u00e9 %22,%22checked%22:0,%22dragID%22:-1,%22link_text%22:%22%22,%22link_url%22:%22https:\/\/xxl-visibility.com\/mentions-legales-et-politique-de-confidentialite\/%22}%93\" _builder_version=\"4.0.2\" form_field_font_size=\"12px\"][\/et_pb_contact_field][\/et_pb_contact_form][\/et_pb_column][\/et_pb_row][\/et_pb_section]","_et_gb_content_width":"","footnotes":""},"class_list":["post-2992","page","type-page","status-publish","hentry"],"_links":{"self":[{"href":"https:\/\/xxl-visibility.com\/en\/wp-json\/wp\/v2\/pages\/2992","targetHints":{"allow":["GET"]}}],"collection":[{"href":"https:\/\/xxl-visibility.com\/en\/wp-json\/wp\/v2\/pages"}],"about":[{"href":"https:\/\/xxl-visibility.com\/en\/wp-json\/wp\/v2\/types\/page"}],"author":[{"embeddable":true,"href":"https:\/\/xxl-visibility.com\/en\/wp-json\/wp\/v2\/users\/1"}],"replies":[{"embeddable":true,"href":"https:\/\/xxl-visibility.com\/en\/wp-json\/wp\/v2\/comments?post=2992"}],"version-history":[{"count":4,"href":"https:\/\/xxl-visibility.com\/en\/wp-json\/wp\/v2\/pages\/2992\/revisions"}],"predecessor-version":[{"id":3041,"href":"https:\/\/xxl-visibility.com\/en\/wp-json\/wp\/v2\/pages\/2992\/revisions\/3041"}],"wp:attachment":[{"href":"https:\/\/xxl-visibility.com\/en\/wp-json\/wp\/v2\/media?parent=2992"}],"curies":[{"name":"wp","href":"https:\/\/api.w.org\/{rel}","templated":true}]}}