{"id":2931,"date":"2020-02-07T14:13:02","date_gmt":"2020-02-07T13:13:02","guid":{"rendered":"https:\/\/xxl-visibility.com\/?page_id=2931"},"modified":"2020-02-07T14:13:06","modified_gmt":"2020-02-07T13:13:06","slug":"legal-notice-and-privacy-policy","status":"publish","type":"page","link":"https:\/\/xxl-visibility.com\/en\/legal-notice-and-privacy-policy\/","title":{"rendered":"Legal notice and privacy policy"},"content":{"rendered":"<p>[et_pb_section fb_built=&#8221;1&#8243; fullwidth=&#8221;on&#8221; _builder_version=&#8221;3.22&#8243;][et_pb_fullwidth_header title=&#8221;Legal notice and privacy policy&#8221; text_orientation=&#8221;center&#8221; background_overlay_color=&#8221;rgba(0,0,0,0.4)&#8221; admin_label=&#8221;En-t\u00eate plein \u00e9cran H1&#8243; _builder_version=&#8221;4.0.2&#8243; background_color=&#8221;rgba(255, 255, 255, 0)&#8221; background_image=&#8221;https:\/\/xxl-visibility.com\/wp-content\/uploads\/2018\/01\/publication4.png&#8221; hover_enabled=&#8221;0&#8243; button_one_text_size__hover_enabled=&#8221;off&#8221; button_two_text_size__hover_enabled=&#8221;off&#8221; button_one_text_color__hover_enabled=&#8221;off&#8221; button_two_text_color__hover_enabled=&#8221;off&#8221; button_one_border_width__hover_enabled=&#8221;off&#8221; button_two_border_width__hover_enabled=&#8221;off&#8221; button_one_border_color__hover_enabled=&#8221;off&#8221; button_two_border_color__hover_enabled=&#8221;off&#8221; button_one_border_radius__hover_enabled=&#8221;off&#8221; button_two_border_radius__hover_enabled=&#8221;off&#8221; button_one_letter_spacing__hover_enabled=&#8221;off&#8221; button_two_letter_spacing__hover_enabled=&#8221;off&#8221; button_one_bg_color__hover_enabled=&#8221;off&#8221; button_two_bg_color__hover_enabled=&#8221;off&#8221;][\/et_pb_fullwidth_header][\/et_pb_section][et_pb_section fb_built=&#8221;1&#8243; custom_padding_last_edited=&#8221;on|desktop&#8221; _builder_version=&#8221;3.22&#8243; custom_padding_tablet=&#8221;&#8221; custom_padding_phone=&#8221;&#8221;][et_pb_row _builder_version=&#8221;3.25&#8243; background_size=&#8221;initial&#8221; background_position=&#8221;top_left&#8221; background_repeat=&#8221;repeat&#8221;][et_pb_column type=&#8221;4_4&#8243; _builder_version=&#8221;3.25&#8243; custom_padding=&#8221;|||&#8221; custom_padding__hover=&#8221;|||&#8221;][et_pb_text _builder_version=&#8221;3.27.4&#8243;]<\/p>\n<h3>Mentions l\u00e9gales et politique de confidentialit\u00e9<\/h3>\n<p>&nbsp;<\/p>\n<p>Le pr\u00e9sent site est la propri\u00e9t\u00e9 de la soci\u00e9t\u00e9 \u2026\u2026\u2026.., SAS\u00a0?SARL\u00a0? \u2026\u2026. au capital de \u2026\u2026\u2026.. euros, inscrite au registre du commerce et des soci\u00e9t\u00e9s de \u2026\u2026\u2026\u2026\u2026, sous le num\u00e9ro \u2026\u2026\u2026.., dont le si\u00e8ge social est situ\u00e9 : \u2026\u2026\u2026\u2026\u2026\u2026\u2026\u2026\u2026\u2026\u2026\u2026\u2026\u2026\u2026.. \u2013 T\u00e9l. : \u2026\u2026\u2026\u2026\u2026\u2026\u2026\u2026\u2026\u2026\u2026.<br \/>\nL\u2019utilisateur reconna\u00eet avoir pris connaissance de la pr\u00e9sente notice l\u00e9gale et s\u2019engage \u00e0 la respecter. La direction de la publication du site Web est au service commercial de la soci\u00e9t\u00e9\u2026\u2026\u2026\u2026., \u2026\u2026\u2026\u2026\u2026\u2026\u2026..<br \/>\nLe prestataire assurant le stockage direct et permanent est la soci\u00e9t\u00e9 XXL factory SAS dont l\u2019adresse du site est : www.xxl-factory.com<br \/>\nL\u2019utilisateur est notamment inform\u00e9 que, conform\u00e9ment \u00e0 l\u2019article 27 de la Loi Informatique, fichiers et libert\u00e9s du 6 janvier 1978, les informations communiqu\u00e9es par l\u2019utilisateur via les formulaires pr\u00e9sents sur le site, sont n\u00e9cessaires pour r\u00e9pondre \u00e0 sa demande et sont destin\u00e9s uniquement \u00e0 l\u2019exploitant du site Web, responsable du traitement, \u00e0 des fins de gestion administrative et commerciale.<br \/>\nL\u2019utilisateur du site Web \u2026\u2026\u2026\u2026\u2026\u2026\u2026\u2026\u2026\u2026reconnait avoir v\u00e9rifi\u00e9 que la configuration informatique utilis\u00e9e ne contient aucun virus et qu\u2019elle est en parfait \u00e9tat de fonctionnement.<br \/>\nL\u2019utilisateur du site web reconnait disposer de la comp\u00e9tence et des moyens n\u00e9cessaires pour acc\u00e9der et utiliser ce site.<br \/>\nL\u2019utilisateur reconnait avoir \u00e9t\u00e9 inform\u00e9 que le site web \u2026\u2026\u2026\u2026&#8230;&#8230;&#8230; est accessible 24 heures\/24 heures et 7 jours\/7 jours, \u00e0 l\u2019exception des cas de force majeure, difficult\u00e9s informatiques, difficult\u00e9s li\u00e9es \u00e0 la structure des r\u00e9seaux de t\u00e9l\u00e9communications ou difficult\u00e9s techniques.<br \/>\nPour des raisons de maintenance, la soci\u00e9t\u00e9 pourra interrompre l\u2019acc\u00e8s \u00e0 son site et s\u2019efforcera d\u2019en avertir pr\u00e9alablement les utilisateurs.<br \/>\nLa soci\u00e9t\u00e9 met tout en \u0153uvre pour offrir aux utilisateurs des informations et\/ou des outils disponibles et v\u00e9rifi\u00e9s, mais ne saurait \u00eatre tenue pour responsable des erreurs, d\u2019une absence de disponibilit\u00e9 des informations et\/ou de la pr\u00e9sence de virus sur son site.<br \/>\nLes informations fournies par la soci\u00e9t\u00e9 le sont \u00e0 titre indicatif.<br \/>\nLa soci\u00e9t\u00e9 \u2026\u2026\u2026\u2026\u2026\u2026\u2026. ne saurait garantir l\u2019exactitude, la compl\u00e9tude, l\u2019actualit\u00e9 des informations diffus\u00e9es sur son site. En cons\u00e9quence, l\u2019utilisateur reconnait utiliser ces informations sous sa responsabilit\u00e9 exclusive.<br \/>\nLa structure g\u00e9n\u00e9rale, ainsi que les textes, images anim\u00e9es ou non et tous les autres \u00e9l\u00e9ments composant ce site Web et notamment les services et produits sont la propri\u00e9t\u00e9 exclusive de la soci\u00e9t\u00e9 \u2026\u2026\u2026\u2026\u2026\u2026\u2026.. et\/ou des \u00e9l\u00e9ments sur lesquels la soci\u00e9t\u00e9 \u2026\u2026\u2026\u2026\u2026\u2026. dispose de droits notamment d\u2019exploitation permettant leur diffusion et communication. En cons\u00e9quence, toute reproduction de ces \u00e9l\u00e9ments est formellement interdite sauf dispositions expresses contraires indiqu\u00e9es sur le site et autorisant la reproduction partielle de certains \u00e9l\u00e9ments. Cette repr\u00e9sentation ou reproduction, par quelque proc\u00e9d\u00e9 que ce soit, constitue une contrefa\u00e7on sanctionn\u00e9e par les articles L.335-2 et suivants du Code de la Propri\u00e9t\u00e9 Intellectuelle.<br \/>\nLa marque \u2026\u2026\u2026\u2026\u2026. est une marque prot\u00e9g\u00e9e. Toute reproduction totale ou partielle de la marque \u2026\u2026\u2026\u2026\u2026\u2026\u2026., sans l\u2019autorisation pr\u00e9alable et expresse de la soci\u00e9t\u00e9 \u2026\u2026\u2026\u2026..est donc prohib\u00e9e.<br \/>\nTous les noms de produits ou de soci\u00e9t\u00e9s mentionn\u00e9s dans le pr\u00e9sent site et n\u2019appartenant pas \u00e0 sont des marques d\u00e9pos\u00e9es par leurs titulaires respectifs.<br \/>\nEnfin, les liens hypertextes mis en place dans le cadre du pr\u00e9sent site Web en direction d\u2019autres ressources pr\u00e9sentes sur le r\u00e9seau internet ne sauraient engager la responsabilit\u00e9 de la soci\u00e9t\u00e9 \u2026\u2026\u2026\u2026\u2026\u2026\u2026<br \/>\nLes utilisateurs et visiteurs du site Web ne peuvent mettre en place un hyperlien en direction de ce site, sans l\u2019autorisation expresse et pr\u00e9alable de la soci\u00e9t\u00e9 \u2026\u2026\u2026\u2026\u2026\u2026\u2026\u2026\u2026\u2026\u2026\u2026\u2026\u2026..<br \/>\n[\/et_pb_text][\/et_pb_column][\/et_pb_row][\/et_pb_section]<\/p>\n","protected":false},"excerpt":{"rendered":"<p>Mentions l\u00e9gales et politique de confidentialit\u00e9 &nbsp; Le pr\u00e9sent site est la propri\u00e9t\u00e9 de la soci\u00e9t\u00e9 \u2026\u2026\u2026.., SAS\u00a0?SARL\u00a0? \u2026\u2026. au capital de \u2026\u2026\u2026.. euros, inscrite au registre du commerce et des soci\u00e9t\u00e9s de \u2026\u2026\u2026\u2026\u2026, sous le num\u00e9ro \u2026\u2026\u2026.., dont le si\u00e8ge social est situ\u00e9 : \u2026\u2026\u2026\u2026\u2026\u2026\u2026\u2026\u2026\u2026\u2026\u2026\u2026\u2026\u2026.. \u2013 T\u00e9l. : \u2026\u2026\u2026\u2026\u2026\u2026\u2026\u2026\u2026\u2026\u2026. L\u2019utilisateur reconna\u00eet avoir pris connaissance [&hellip;]<\/p>\n","protected":false},"author":1,"featured_media":0,"parent":0,"menu_order":0,"comment_status":"closed","ping_status":"closed","template":"","meta":{"_et_pb_use_builder":"on","_et_pb_old_content":"<p>[et_pb_section bb_built=\"1\" fullwidth=\"on\" specialty=\"off\" next_background_color=\"#000000\"][et_pb_fullwidth_header admin_label=\"En-t\u00eate plein \u00e9cran H1\" _builder_version=\"3.10.1\" title=\"Mentions l\u00e9gales et politique de confidentialit\u00e9\" background_image=\"https:\/\/xxl-visibility.com\/wp-content\/uploads\/2018\/01\/publication4.png\" text_orientation=\"center\" background_overlay_color=\"rgba(0,0,0,0.4)\" background_color=\"rgba(255, 255, 255, 0)\" \/][\/et_pb_section][et_pb_section bb_built=\"1\" fullwidth=\"off\" specialty=\"off\" _builder_version=\"3.0.93\" custom_padding_last_edited=\"on|desktop\" prev_background_color=\"#000000\"][et_pb_row][et_pb_column type=\"4_4\"][et_pb_text _builder_version=\"3.10.1\"]<\/p><h3>Mentions l\u00e9gales et politique de confidentialit\u00e9<\/h3><p>\u00a0<\/p><p>Le pr\u00e9sent site est la propri\u00e9t\u00e9 de la soci\u00e9t\u00e9 \u2026\u2026\u2026.., SAS\u00a0?SARL\u00a0? \u2026\u2026. au capital de \u2026\u2026\u2026.. euros, inscrite au registre du commerce et des soci\u00e9t\u00e9s de \u2026\u2026\u2026\u2026\u2026, sous le num\u00e9ro \u2026\u2026\u2026.., dont le si\u00e8ge social est situ\u00e9 : \u2026\u2026\u2026\u2026\u2026\u2026\u2026\u2026\u2026\u2026\u2026\u2026\u2026\u2026\u2026.. \u2013 T\u00e9l. : \u2026\u2026\u2026\u2026\u2026\u2026\u2026\u2026\u2026\u2026\u2026.<br \/>L\u2019utilisateur reconna\u00eet avoir pris connaissance de la pr\u00e9sente notice l\u00e9gale et s\u2019engage \u00e0 la respecter. La direction de la publication du site Web est au service commercial de la soci\u00e9t\u00e9\u2026\u2026\u2026\u2026., \u2026\u2026\u2026\u2026\u2026\u2026\u2026..<br \/>Le prestataire assurant le stockage direct et permanent est la soci\u00e9t\u00e9 XXL factory SAS dont l\u2019adresse du site est : www.xxl-factory.com<br \/>L\u2019utilisateur est notamment inform\u00e9 que, conform\u00e9ment \u00e0 l\u2019article 27 de la Loi Informatique, fichiers et libert\u00e9s du 6 janvier 1978, les informations communiqu\u00e9es par l\u2019utilisateur via les formulaires pr\u00e9sents sur le site, sont n\u00e9cessaires pour r\u00e9pondre \u00e0 sa demande et sont destin\u00e9s uniquement \u00e0 l\u2019exploitant du site Web, responsable du traitement, \u00e0 des fins de gestion administrative et commerciale.<br \/>L\u2019utilisateur du site Web \u2026\u2026\u2026\u2026\u2026\u2026\u2026\u2026\u2026\u2026reconnait avoir v\u00e9rifi\u00e9 que la configuration informatique utilis\u00e9e ne contient aucun virus et qu\u2019elle est en parfait \u00e9tat de fonctionnement.<br \/>L\u2019utilisateur du site web reconnait disposer de la comp\u00e9tence et des moyens n\u00e9cessaires pour acc\u00e9der et utiliser ce site.<br \/>L\u2019utilisateur reconnait avoir \u00e9t\u00e9 inform\u00e9 que le site web \u2026\u2026\u2026\u2026......... est accessible 24 heures\/24 heures et 7 jours\/7 jours, \u00e0 l\u2019exception des cas de force majeure, difficult\u00e9s informatiques, difficult\u00e9s li\u00e9es \u00e0 la structure des r\u00e9seaux de t\u00e9l\u00e9communications ou difficult\u00e9s techniques.<br \/>Pour des raisons de maintenance, la soci\u00e9t\u00e9 pourra interrompre l\u2019acc\u00e8s \u00e0 son site et s\u2019efforcera d\u2019en avertir pr\u00e9alablement les utilisateurs.<br \/>La soci\u00e9t\u00e9 met tout en \u0153uvre pour offrir aux utilisateurs des informations et\/ou des outils disponibles et v\u00e9rifi\u00e9s, mais ne saurait \u00eatre tenue pour responsable des erreurs, d\u2019une absence de disponibilit\u00e9 des informations et\/ou de la pr\u00e9sence de virus sur son site.<br \/>Les informations fournies par la soci\u00e9t\u00e9 le sont \u00e0 titre indicatif.<br \/>La soci\u00e9t\u00e9 \u2026\u2026\u2026\u2026\u2026\u2026\u2026. ne saurait garantir l\u2019exactitude, la compl\u00e9tude, l\u2019actualit\u00e9 des informations diffus\u00e9es sur son site. En cons\u00e9quence, l\u2019utilisateur reconnait utiliser ces informations sous sa responsabilit\u00e9 exclusive.<br \/>La structure g\u00e9n\u00e9rale, ainsi que les textes, images anim\u00e9es ou non et tous les autres \u00e9l\u00e9ments composant ce site Web et notamment les services et produits sont la propri\u00e9t\u00e9 exclusive de la soci\u00e9t\u00e9 \u2026\u2026\u2026\u2026\u2026\u2026\u2026.. et\/ou des \u00e9l\u00e9ments sur lesquels la soci\u00e9t\u00e9 \u2026\u2026\u2026\u2026\u2026\u2026. dispose de droits notamment d\u2019exploitation permettant leur diffusion et communication. En cons\u00e9quence, toute reproduction de ces \u00e9l\u00e9ments est formellement interdite sauf dispositions expresses contraires indiqu\u00e9es sur le site et autorisant la reproduction partielle de certains \u00e9l\u00e9ments. Cette repr\u00e9sentation ou reproduction, par quelque proc\u00e9d\u00e9 que ce soit, constitue une contrefa\u00e7on sanctionn\u00e9e par les articles L.335-2 et suivants du Code de la Propri\u00e9t\u00e9 Intellectuelle.<br \/>La marque \u2026\u2026\u2026\u2026\u2026. est une marque prot\u00e9g\u00e9e. Toute reproduction totale ou partielle de la marque \u2026\u2026\u2026\u2026\u2026\u2026\u2026., sans l\u2019autorisation pr\u00e9alable et expresse de la soci\u00e9t\u00e9 \u2026\u2026\u2026\u2026..est donc prohib\u00e9e.<br \/>Tous les noms de produits ou de soci\u00e9t\u00e9s mentionn\u00e9s dans le pr\u00e9sent site et n\u2019appartenant pas \u00e0 sont des marques d\u00e9pos\u00e9es par leurs titulaires respectifs.<br \/>Enfin, les liens hypertextes mis en place dans le cadre du pr\u00e9sent site Web en direction d\u2019autres ressources pr\u00e9sentes sur le r\u00e9seau internet ne sauraient engager la responsabilit\u00e9 de la soci\u00e9t\u00e9 \u2026\u2026\u2026\u2026\u2026\u2026\u2026<br \/>Les utilisateurs et visiteurs du site Web ne peuvent mettre en place un hyperlien en direction de ce site, sans l\u2019autorisation expresse et pr\u00e9alable de la soci\u00e9t\u00e9 \u2026\u2026\u2026\u2026\u2026\u2026\u2026\u2026\u2026\u2026\u2026\u2026\u2026\u2026..<\/p><p>[\/et_pb_text][\/et_pb_column][\/et_pb_row][\/et_pb_section]<\/p>","_et_gb_content_width":"","footnotes":""},"class_list":["post-2931","page","type-page","status-publish","hentry"],"_links":{"self":[{"href":"https:\/\/xxl-visibility.com\/en\/wp-json\/wp\/v2\/pages\/2931","targetHints":{"allow":["GET"]}}],"collection":[{"href":"https:\/\/xxl-visibility.com\/en\/wp-json\/wp\/v2\/pages"}],"about":[{"href":"https:\/\/xxl-visibility.com\/en\/wp-json\/wp\/v2\/types\/page"}],"author":[{"embeddable":true,"href":"https:\/\/xxl-visibility.com\/en\/wp-json\/wp\/v2\/users\/1"}],"replies":[{"embeddable":true,"href":"https:\/\/xxl-visibility.com\/en\/wp-json\/wp\/v2\/comments?post=2931"}],"version-history":[{"count":5,"href":"https:\/\/xxl-visibility.com\/en\/wp-json\/wp\/v2\/pages\/2931\/revisions"}],"predecessor-version":[{"id":2953,"href":"https:\/\/xxl-visibility.com\/en\/wp-json\/wp\/v2\/pages\/2931\/revisions\/2953"}],"wp:attachment":[{"href":"https:\/\/xxl-visibility.com\/en\/wp-json\/wp\/v2\/media?parent=2931"}],"curies":[{"name":"wp","href":"https:\/\/api.w.org\/{rel}","templated":true}]}}