{"id":2859,"date":"2020-02-07T14:06:54","date_gmt":"2020-02-07T13:06:54","guid":{"rendered":"https:\/\/xxl-visibility.com\/?page_id=2859"},"modified":"2020-03-24T12:10:34","modified_gmt":"2020-03-24T11:10:34","slug":"by-satellite","status":"publish","type":"page","link":"https:\/\/xxl-visibility.com\/en\/by-satellite\/","title":{"rendered":"By Satellite"},"content":{"rendered":"<p>[et_pb_section fb_built=&#8221;1&#8243; fullwidth=&#8221;on&#8221; _builder_version=&#8221;3.22&#8243;][et_pb_fullwidth_header title=&#8221;By Satellite&#8221; text_orientation=&#8221;center&#8221; background_overlay_color=&#8221;rgba(0,0,0,0.3)&#8221; admin_label=&#8221;Titre H1&#8243; _builder_version=&#8221;4.0.2&#8243; background_color=&#8221;rgba(255, 255, 255, 0)&#8221; background_image=&#8221;https:\/\/xxl-visibility.com\/wp-content\/uploads\/2020\/01\/Astranis-satellite-rendering-2.jpg&#8221; button_one_text_size__hover_enabled=&#8221;off&#8221; button_two_text_size__hover_enabled=&#8221;off&#8221; button_one_text_color__hover_enabled=&#8221;off&#8221; button_two_text_color__hover_enabled=&#8221;off&#8221; button_one_border_width__hover_enabled=&#8221;off&#8221; button_two_border_width__hover_enabled=&#8221;off&#8221; button_one_border_color__hover_enabled=&#8221;off&#8221; button_two_border_color__hover_enabled=&#8221;off&#8221; button_one_border_radius__hover_enabled=&#8221;off&#8221; button_two_border_radius__hover_enabled=&#8221;off&#8221; button_one_letter_spacing__hover_enabled=&#8221;off&#8221; button_two_letter_spacing__hover_enabled=&#8221;off&#8221; button_one_bg_color__hover_enabled=&#8221;off&#8221; button_two_bg_color__hover_enabled=&#8221;off&#8221;][\/et_pb_fullwidth_header][\/et_pb_section][et_pb_section fb_built=&#8221;1&#8243; _builder_version=&#8221;4.0.2&#8243; background_color=&#8221;#f4f4f4&#8243; custom_padding=&#8221;||0px||false|false&#8221;][et_pb_row column_structure=&#8221;1_6,1_6,1_6,1_6,1_6,1_6&#8243; use_custom_gutter=&#8221;on&#8221; gutter_width=&#8221;2&#8243; module_class=&#8221;prestations page-interieure&#8221; _builder_version=&#8221;4.0.2&#8243; custom_margin=&#8221;||40px||false|false&#8221; custom_padding=&#8221;||30px||false|false&#8221;][et_pb_column type=&#8221;1_6&#8243; _builder_version=&#8221;4.0.2&#8243;][et_pb_blurb title=&#8221;By website&#8221; image=&#8221;https:\/\/xxl-visibility.com\/wp-content\/uploads\/2019\/10\/de-site-web.png&#8221; admin_label=&#8221;De site web&#8221; _builder_version=&#8221;4.0.2&#8243; header_font=&#8221;|700|||||||&#8221; background_color=&#8221;#ffffff&#8221; text_orientation=&#8221;center&#8221; custom_padding=&#8221;30px|25px|30px|25px|false|false&#8221; link_option_url=&#8221;https:\/\/xxl-visibility.com\/en\/prospects-targeting\/by-website\/&#8221; box_shadow_style=&#8221;preset1&#8243;][\/et_pb_blurb][\/et_pb_column][et_pb_column type=&#8221;1_6&#8243; _builder_version=&#8221;4.0.2&#8243;][et_pb_blurb title=&#8221;By prospect typologie&#8221; image=&#8221;https:\/\/xxl-visibility.com\/wp-content\/uploads\/2019\/10\/typologie-prospect.png&#8221; admin_label=&#8221;Par typologie de prospect&#8221; _builder_version=&#8221;4.0.2&#8243; header_font=&#8221;|700|||||||&#8221; background_color=&#8221;#ffffff&#8221; text_orientation=&#8221;center&#8221; custom_padding=&#8221;30px|25px|30px|25px|false|false&#8221; link_option_url=&#8221;https:\/\/xxl-visibility.com\/en\/prospects-targeting\/by-prospect-typology\/&#8221; box_shadow_style=&#8221;preset1&#8243;][\/et_pb_blurb][\/et_pb_column][et_pb_column type=&#8221;1_6&#8243; _builder_version=&#8221;4.0.2&#8243;][et_pb_blurb title=&#8221;By content category&#8221; image=&#8221;https:\/\/xxl-visibility.com\/wp-content\/uploads\/2019\/10\/categorie-de-contenu.png&#8221; admin_label=&#8221;Par cat\u00e9gorie de contenu&#8221; _builder_version=&#8221;4.0.2&#8243; header_font=&#8221;|700|||||||&#8221; background_color=&#8221;#ffffff&#8221; text_orientation=&#8221;center&#8221; custom_padding=&#8221;30px|25px|30px|25px|false|false&#8221; link_option_url=&#8221;https:\/\/xxl-visibility.com\/en\/prospects-targeting\/by-content-category\/&#8221; box_shadow_style=&#8221;preset1&#8243;][\/et_pb_blurb][\/et_pb_column][et_pb_column type=&#8221;1_6&#8243; _builder_version=&#8221;4.0.2&#8243;][et_pb_blurb title=&#8221;By keywords &#8221; image=&#8221;https:\/\/xxl-visibility.com\/wp-content\/uploads\/2019\/10\/mot-clefs.png&#8221; admin_label=&#8221;Par mots clefs &#8221; _builder_version=&#8221;4.0.2&#8243; header_font=&#8221;|700|||||||&#8221; background_color=&#8221;#ffffff&#8221; text_orientation=&#8221;center&#8221; custom_padding=&#8221;30px|25px|34px|25px|false|false&#8221; link_option_url=&#8221;https:\/\/xxl-visibility.com\/en\/prospects-targeting\/by-keywords\/&#8221; box_shadow_style=&#8221;preset1&#8243;][\/et_pb_blurb][\/et_pb_column][et_pb_column type=&#8221;1_6&#8243; _builder_version=&#8221;4.0.2&#8243;][et_pb_blurb title=&#8221;Waze&#8221; image=&#8221;https:\/\/xxl-visibility.com\/wp-content\/uploads\/2019\/10\/waze.png&#8221; admin_label=&#8221;Waze&#8221; _builder_version=&#8221;4.0.2&#8243; header_font=&#8221;|700|||||||&#8221; background_color=&#8221;#ffffff&#8221; text_orientation=&#8221;center&#8221; custom_padding=&#8221;30px|25px|30px|25px|false|false&#8221; link_option_url=&#8221;https:\/\/xxl-visibility.com\/en\/prospects-targeting\/waze\/&#8221; box_shadow_style=&#8221;preset1&#8243;][\/et_pb_blurb][\/et_pb_column][et_pb_column type=&#8221;1_6&#8243; _builder_version=&#8221;4.0.2&#8243;][et_pb_blurb title=&#8221;Shopping cart abandonment&#8221; image=&#8221;https:\/\/xxl-visibility.com\/wp-content\/uploads\/2019\/10\/abandon-panier-dachat.png&#8221; admin_label=&#8221;Abandon de panier d\u2019achat&#8221; _builder_version=&#8221;4.0.2&#8243; header_font=&#8221;|700|||||||&#8221; background_color=&#8221;#ffffff&#8221; text_orientation=&#8221;center&#8221; custom_padding=&#8221;30px|25px|30px|25px|false|false&#8221; link_option_url=&#8221;https:\/\/xxl-visibility.com\/en\/prospects-targeting\/shopping-cart-abandonment\/&#8221; box_shadow_style=&#8221;preset1&#8243;][\/et_pb_blurb][\/et_pb_column][\/et_pb_row][et_pb_row column_structure=&#8221;1_2,1_2&#8243; _builder_version=&#8221;4.0.2&#8243;][et_pb_column type=&#8221;1_2&#8243; _builder_version=&#8221;4.0.2&#8243;][et_pb_text _builder_version=&#8221;4.3.4&#8243; custom_margin=&#8221;40px||||false|false&#8221;]<\/p>\n<h2>What is it ?<\/h2>\n<p><b>Reach the consummers where they are.<\/b><\/p>\n<p>This strategy allow to disseminate your advertising banners to a targeted audience according to their geo-tracking, during a defined period.<br \/>\nWe collect the mobile ID of the defines zones (competitors, restaurants, parks&#8230;) and deliver your ads on mobile phones, computers and touch pads.<\/p>\n<p><strong>EVENTS<\/strong><\/p>\n<p>Communicate on a customer typology according to the events you&#8217;d like to cover.[\/et_pb_text][\/et_pb_column][et_pb_column type=&#8221;1_2&#8243; _builder_version=&#8221;4.0.2&#8243;][et_pb_text admin_label=&#8221;Video&#8221; _builder_version=&#8221;4.0.2&#8243; background_video_mp4=&#8221;https:\/\/xxl-visibility.com\/wp-content\/uploads\/2019\/10\/VIDEO-GOOGLE-MAP-WEB-converted-with-Clipchamp.mp4&#8243; background_video_webm=&#8221;https:\/\/xxl-visibility.com\/wp-content\/uploads\/2019\/10\/VIDEO-GOOGLE-MAP-WEB-converted-with-Clipchamp.webm&#8221; allow_player_pause=&#8221;on&#8221; min_height=&#8221;600px&#8221;][\/et_pb_text][\/et_pb_column][\/et_pb_row][\/et_pb_section][et_pb_section fb_built=&#8221;1&#8243; _builder_version=&#8221;3.22&#8243; background_color=&#8221;#f4f4f4&#8243;][et_pb_row _builder_version=&#8221;4.0.2&#8243;][et_pb_column type=&#8221;4_4&#8243; _builder_version=&#8221;4.0.2&#8243;][et_pb_divider color=&#8221;#b2b7ba&#8221; divider_weight=&#8221;1px&#8221; admin_label=&#8221;S\u00e9parateur&#8221; _builder_version=&#8221;4.0.2&#8243; custom_padding=&#8221;40px||20px||false|false&#8221;][\/et_pb_divider][et_pb_text admin_label=&#8221;Texte&#8221; _builder_version=&#8221;4.3.4&#8243;]<\/p>\n<p style=\"text-align: center;\"><span class=\"titre-orange\">3 STEPS <\/span><\/p>\n<h3 style=\"text-align: center;\">To advance the understanding<\/h3>\n<p>[\/et_pb_text][\/et_pb_column][\/et_pb_row][et_pb_row column_structure=&#8221;1_3,1_3,1_3&#8243; use_custom_gutter=&#8221;on&#8221; gutter_width=&#8221;2&#8243; make_equal=&#8221;on&#8221; module_class=&#8221;etapes page-satelite&#8221; _builder_version=&#8221;4.0.2&#8243;][et_pb_column type=&#8221;1_3&#8243; _builder_version=&#8221;4.0.2&#8243;][et_pb_blurb image=&#8221;https:\/\/xxl-visibility.com\/wp-content\/uploads\/2019\/10\/identifiez-cible.jpg&#8221; _builder_version=&#8221;4.3.4&#8243; body_font_size=&#8221;18px&#8221; background_color=&#8221;#ffffff&#8221; box_shadow_style=&#8221;preset1&#8243;]<\/p>\n<p style=\"text-align: left;\"><img loading=\"lazy\" decoding=\"async\" class=\"wp-image-1521 size-full alignleft\" src=\"https:\/\/xxl-visibility.com\/wp-content\/uploads\/2019\/10\/1.png\" alt=\"\" width=\"83\" height=\"91\" \/><strong>Identify your target audience<\/strong><br \/>\n<span style=\"font-size: 12pt;\">According to their profile and their geographic location<\/span><\/p>\n<p>[\/et_pb_blurb][\/et_pb_column][et_pb_column type=&#8221;1_3&#8243; _builder_version=&#8221;4.0.2&#8243;][et_pb_blurb image=&#8221;https:\/\/xxl-visibility.com\/wp-content\/uploads\/2019\/10\/clientele-recois-publicite.jpg&#8221; _builder_version=&#8221;4.3.4&#8243; body_font_size=&#8221;18px&#8221; background_color=&#8221;#ffffff&#8221; box_shadow_style=&#8221;preset1&#8243;]<img loading=\"lazy\" decoding=\"async\" class=\"wp-image-1545 size-full alignleft\" src=\"https:\/\/xxl-visibility.com\/wp-content\/uploads\/2019\/10\/2.png\" alt=\"\" width=\"83\" height=\"91\" \/><strong>The target audience receive your advert<\/strong><br \/>\n<span style=\"font-size: 12pt;\">By banners, real time, on their apps and consulted websites<\/span>[\/et_pb_blurb][\/et_pb_column][et_pb_column type=&#8221;1_3&#8243; _builder_version=&#8221;4.0.2&#8243;][et_pb_blurb image=&#8221;https:\/\/xxl-visibility.com\/wp-content\/uploads\/2019\/10\/reporting.jpg&#8221; _builder_version=&#8221;4.3.4&#8243; body_font_size=&#8221;18px&#8221; background_color=&#8221;#ffffff&#8221; box_shadow_style=&#8221;preset1&#8243;]<img loading=\"lazy\" decoding=\"async\" class=\"wp-image-1547 size-full alignleft\" src=\"https:\/\/xxl-visibility.com\/wp-content\/uploads\/2019\/10\/3.png\" alt=\"\" width=\"83\" height=\"91\" \/><strong>A report measure the diffusion performance<\/strong><br \/>\n<span style=\"font-size: 12pt;\">Click to rate and Drive to store<\/span>[\/et_pb_blurb][\/et_pb_column][\/et_pb_row][\/et_pb_section][et_pb_section fb_built=&#8221;1&#8243; _builder_version=&#8221;4.0.2&#8243; background_color=&#8221;#4b7d99&#8243;][et_pb_row _builder_version=&#8221;4.0.2&#8243;][et_pb_column type=&#8221;4_4&#8243; _builder_version=&#8221;4.0.2&#8243;][et_pb_text admin_label=&#8221;Texte&#8221; module_class=&#8221;liste-fond-orange &#8221; _builder_version=&#8221;4.3.4&#8243; text_text_color=&#8221;#ffffff&#8221;]<\/p>\n<h3 style=\"text-align: center;\"><span style=\"color: #ffffff;\">A few clarifications<\/span><\/h3>\n<p>[\/et_pb_text][\/et_pb_column][\/et_pb_row][et_pb_row column_structure=&#8221;1_2,1_2&#8243; _builder_version=&#8221;4.0.2&#8243;][et_pb_column type=&#8221;1_2&#8243; _builder_version=&#8221;4.0.2&#8243;][et_pb_text admin_label=&#8221;Texte&#8221; module_class=&#8221;liste-fond-orange &#8221; _builder_version=&#8221;4.3.4&#8243; text_text_color=&#8221;#ffffff&#8221; hover_enabled=&#8221;0&#8243;]<\/p>\n<ul>\n<li>Our banners are viral thanks to the mobile phone ID and are relied on all the digital environment (touch pad, computers&#8230;)<\/li>\n<li>The advertising pressure can be from 2 to 6 banners a day by person<\/li>\n<li>We can communicate on a unique ID from 5 minutes to 30 days<\/li>\n<\/ul>\n<p>[\/et_pb_text][\/et_pb_column][et_pb_column type=&#8221;1_2&#8243; _builder_version=&#8221;4.0.2&#8243;][et_pb_text admin_label=&#8221;Texte&#8221; module_class=&#8221;liste-fond-orange &#8221; _builder_version=&#8221;4.3.4&#8243; text_text_color=&#8221;#ffffff&#8221; hover_enabled=&#8221;0&#8243;]<\/p>\n<ul>\n<li>The duration of a GPS and Event is 45 days minimum (relative to the banners dissemination and the recoverable id number)<\/li>\n<li>Geo-tracking accurate : 3 meters<\/li>\n<li>Our campaign are adaptable during it. We can add or remove zones, extend the campaign terms or add banners.<\/li>\n<\/ul>\n<p>[\/et_pb_text][\/et_pb_column][\/et_pb_row][\/et_pb_section]<\/p>\n","protected":false},"excerpt":{"rendered":"<p>What is it ? Reach the consummers where they are. This strategy allow to disseminate your advertising banners to a targeted audience according to their geo-tracking, during a defined period. We collect the mobile ID of the defines zones (competitors, restaurants, parks&#8230;) and deliver your ads on mobile phones, computers and touch pads. EVENTS Communicate [&hellip;]<\/p>\n","protected":false},"author":1,"featured_media":0,"parent":0,"menu_order":0,"comment_status":"closed","ping_status":"closed","template":"","meta":{"_et_pb_use_builder":"on","_et_pb_old_content":"<p>[et_pb_section fb_built=\"1\" fullwidth=\"on\" _builder_version=\"3.22\"][et_pb_fullwidth_header title=\"Par satellite\" text_orientation=\"center\" background_overlay_color=\"rgba(0,0,0,0.3)\" admin_label=\"Titre H1\" _builder_version=\"4.0.2\" background_color=\"rgba(255, 255, 255, 0)\" background_image=\"https:\/\/xxl-visibility.com\/wp-content\/uploads\/2020\/01\/Astranis-satellite-rendering-2.jpg\" button_one_text_size__hover_enabled=\"off\" button_two_text_size__hover_enabled=\"off\" button_one_text_color__hover_enabled=\"off\" button_two_text_color__hover_enabled=\"off\" button_one_border_width__hover_enabled=\"off\" button_two_border_width__hover_enabled=\"off\" button_one_border_color__hover_enabled=\"off\" button_two_border_color__hover_enabled=\"off\" button_one_border_radius__hover_enabled=\"off\" button_two_border_radius__hover_enabled=\"off\" button_one_letter_spacing__hover_enabled=\"off\" button_two_letter_spacing__hover_enabled=\"off\" button_one_bg_color__hover_enabled=\"off\" button_two_bg_color__hover_enabled=\"off\"][\/et_pb_fullwidth_header][\/et_pb_section][et_pb_section fb_built=\"1\" _builder_version=\"4.0.2\" background_color=\"#f4f4f4\" custom_padding=\"||0px||false|false\"][et_pb_row column_structure=\"1_6,1_6,1_6,1_6,1_6,1_6\" use_custom_gutter=\"on\" gutter_width=\"2\" module_class=\"prestations page-interieure\" _builder_version=\"4.0.2\" custom_margin=\"||40px||false|false\" custom_padding=\"||30px||false|false\"][et_pb_column type=\"1_6\" _builder_version=\"4.0.2\"][et_pb_blurb title=\"De site web\" image=\"https:\/\/xxl-visibility.com\/wp-content\/uploads\/2019\/10\/de-site-web.png\" admin_label=\"De site web\" _builder_version=\"4.0.2\" header_font=\"|700|||||||\" background_color=\"#ffffff\" text_orientation=\"center\" custom_padding=\"30px|25px|30px|25px|false|false\" link_option_url=\"https:\/\/xxl-visibility.com\/ciblage-prospects\/de-site-web\/\" box_shadow_style=\"preset1\"][\/et_pb_blurb][\/et_pb_column][et_pb_column type=\"1_6\" _builder_version=\"4.0.2\"][et_pb_blurb title=\"Par typologie de prospect\" image=\"https:\/\/xxl-visibility.com\/wp-content\/uploads\/2019\/10\/typologie-prospect.png\" admin_label=\"Par typologie de prospect\" _builder_version=\"4.0.2\" header_font=\"|700|||||||\" background_color=\"#ffffff\" text_orientation=\"center\" custom_padding=\"30px|25px|30px|25px|false|false\" link_option_url=\"https:\/\/xxl-visibility.com\/ciblage-prospects\/par-typologie-de-prospect\/\" box_shadow_style=\"preset1\"][\/et_pb_blurb][\/et_pb_column][et_pb_column type=\"1_6\" _builder_version=\"4.0.2\"][et_pb_blurb title=\"Par cat\u00e9gorie de contenu\" image=\"https:\/\/xxl-visibility.com\/wp-content\/uploads\/2019\/10\/categorie-de-contenu.png\" admin_label=\"Par cat\u00e9gorie de contenu\" _builder_version=\"4.0.2\" header_font=\"|700|||||||\" background_color=\"#ffffff\" text_orientation=\"center\" custom_padding=\"30px|25px|30px|25px|false|false\" link_option_url=\"https:\/\/xxl-visibility.com\/ciblage-prospects\/par-categorie-de-contenu\/\" box_shadow_style=\"preset1\"][\/et_pb_blurb][\/et_pb_column][et_pb_column type=\"1_6\" _builder_version=\"4.0.2\"][et_pb_blurb title=\"Par mots clefs \" image=\"https:\/\/xxl-visibility.com\/wp-content\/uploads\/2019\/10\/mot-clefs.png\" admin_label=\"Par mots clefs \" _builder_version=\"4.0.2\" header_font=\"|700|||||||\" background_color=\"#ffffff\" text_orientation=\"center\" custom_padding=\"30px|25px|34px|25px|false|false\" link_option_url=\"https:\/\/xxl-visibility.com\/ciblage-prospects\/par-mot-clefs\/\" box_shadow_style=\"preset1\"][\/et_pb_blurb][\/et_pb_column][et_pb_column type=\"1_6\" _builder_version=\"4.0.2\"][et_pb_blurb title=\"Waze\" image=\"https:\/\/xxl-visibility.com\/wp-content\/uploads\/2019\/10\/waze.png\" admin_label=\"Waze\" _builder_version=\"4.0.2\" header_font=\"|700|||||||\" background_color=\"#ffffff\" text_orientation=\"center\" custom_padding=\"30px|25px|30px|25px|false|false\" link_option_url=\"https:\/\/xxl-visibility.com\/ciblage-prospects\/waze\/\" box_shadow_style=\"preset1\"][\/et_pb_blurb][\/et_pb_column][et_pb_column type=\"1_6\" _builder_version=\"4.0.2\"][et_pb_blurb title=\"Abandon de panier d\u2019achat\" image=\"https:\/\/xxl-visibility.com\/wp-content\/uploads\/2019\/10\/abandon-panier-dachat.png\" admin_label=\"Abandon de panier d\u2019achat\" _builder_version=\"4.0.2\" header_font=\"|700|||||||\" background_color=\"#ffffff\" text_orientation=\"center\" custom_padding=\"30px|25px|30px|25px|false|false\" link_option_url=\"https:\/\/xxl-visibility.com\/ciblage-prospects\/abandon-de-panier-dachat\/\" box_shadow_style=\"preset1\"][\/et_pb_blurb][\/et_pb_column][\/et_pb_row][et_pb_row column_structure=\"1_2,1_2\" _builder_version=\"4.0.2\"][et_pb_column type=\"1_2\" _builder_version=\"4.0.2\"][et_pb_text _builder_version=\"4.0.2\" custom_margin=\"40px||||false|false\"]<\/p><h2>Qu\u2019est-ce que c\u2019est ?<\/h2><p><b>Rejoignez les consommateurs l\u00e0 o\u00f9 ils se trouvent.<\/b><\/p><p>Cette strat\u00e9gie permet de diffuser vos banni\u00e8res publicitaires \u00e0 un public cibl\u00e9 par leur position g\u00e9ographique, pendant une p\u00e9riode choisie. Nous collectons les identifiants mobiles des zones d\u00e9finies (concurrents, restaurants, parcs\u2026) et leurs diffusons votre publicit\u00e9 sur mobiles, ordinateurs et tablette.<\/p><p><strong>\u00c9v\u00e9nements<\/strong><\/p><p>Communiquez sur une typologie clients en fonction des \u00e9v\u00e8nements que vous d\u00e9sirez couvrir.<br \/>Nous r\u00e9cup\u00e9rons les identifiants mobiles d'un public cibl\u00e9 afin de lui livrer vos banni\u00e8res publicitaires.<\/p><p>[\/et_pb_text][\/et_pb_column][et_pb_column type=\"1_2\" _builder_version=\"4.0.2\"][et_pb_text admin_label=\"Video\" _builder_version=\"4.0.2\" background_video_mp4=\"https:\/\/xxl-visibility.com\/wp-content\/uploads\/2019\/10\/VIDEO-GOOGLE-MAP-WEB-converted-with-Clipchamp.mp4\" background_video_webm=\"https:\/\/xxl-visibility.com\/wp-content\/uploads\/2019\/10\/VIDEO-GOOGLE-MAP-WEB-converted-with-Clipchamp.webm\" allow_player_pause=\"on\" min_height=\"600px\"][\/et_pb_text][\/et_pb_column][\/et_pb_row][\/et_pb_section][et_pb_section fb_built=\"1\" _builder_version=\"3.22\" background_color=\"#f4f4f4\"][et_pb_row _builder_version=\"4.0.2\"][et_pb_column type=\"4_4\" _builder_version=\"4.0.2\"][et_pb_divider color=\"#b2b7ba\" divider_weight=\"1px\" admin_label=\"S\u00e9parateur\" _builder_version=\"4.0.2\" custom_padding=\"40px||20px||false|false\"][\/et_pb_divider][et_pb_text admin_label=\"Texte\" _builder_version=\"4.0.2\"]<\/p><p style=\"text-align: center;\"><span class=\"titre-orange\">3 \u00e9tapes clefs <\/span><\/p><h3 style=\"text-align: center;\">Pour mieux comprendre la technologie<\/h3><p>[\/et_pb_text][\/et_pb_column][\/et_pb_row][et_pb_row column_structure=\"1_3,1_3,1_3\" use_custom_gutter=\"on\" gutter_width=\"2\" make_equal=\"on\" module_class=\"etapes page-satelite\" _builder_version=\"4.0.2\"][et_pb_column type=\"1_3\" _builder_version=\"4.0.2\"][et_pb_blurb image=\"https:\/\/xxl-visibility.com\/wp-content\/uploads\/2019\/10\/identifiez-cible.jpg\" _builder_version=\"4.0.2\" body_font_size=\"18px\" background_color=\"#ffffff\" box_shadow_style=\"preset1\"]<\/p><p style=\"text-align: left;\"><img class=\"wp-image-1521 size-full alignleft\" src=\"https:\/\/xxl-visibility.com\/wp-content\/uploads\/2019\/10\/1.png\" alt=\"\" width=\"83\" height=\"91\" \/><strong>Identifiez votre<br \/>client\u00e8le cible<\/strong><br \/><span style=\"font-size: 12pt;\">Selon leur profil, selon leur position g\u00e9ographique<\/span><\/p><p>[\/et_pb_blurb][\/et_pb_column][et_pb_column type=\"1_3\" _builder_version=\"4.0.2\"][et_pb_blurb image=\"https:\/\/xxl-visibility.com\/wp-content\/uploads\/2019\/10\/clientele-recois-publicite.jpg\" _builder_version=\"4.0.2\" body_font_size=\"18px\" background_color=\"#ffffff\" box_shadow_style=\"preset1\"]<\/p><p><img class=\"wp-image-1545 size-full alignleft\" src=\"https:\/\/xxl-visibility.com\/wp-content\/uploads\/2019\/10\/2.png\" alt=\"\" width=\"83\" height=\"91\" \/><strong>La client\u00e8le cible<br \/>re\u00e7oit votre publicit\u00e9<\/strong><br \/><span style=\"font-size: 12pt;\">Par banni\u00e8re, en temps r\u00e9el, sur ses applications et site web consult\u00e9s<\/span><\/p><p>[\/et_pb_blurb][\/et_pb_column][et_pb_column type=\"1_3\" _builder_version=\"4.0.2\"][et_pb_blurb image=\"https:\/\/xxl-visibility.com\/wp-content\/uploads\/2019\/10\/reporting.jpg\" _builder_version=\"4.0.2\" body_font_size=\"18px\" background_color=\"#ffffff\" box_shadow_style=\"preset1\"]<\/p><p><img class=\"wp-image-1547 size-full alignleft\" src=\"https:\/\/xxl-visibility.com\/wp-content\/uploads\/2019\/10\/3.png\" alt=\"\" width=\"83\" height=\"91\" \/><strong>Un reporting mesure<br \/>la performance de la diffusion<\/strong><br \/><span style=\"font-size: 12pt;\">Nombre de clic et nombre de clients qui se rendent sur le lieu en question<\/span><\/p><p>[\/et_pb_blurb][\/et_pb_column][\/et_pb_row][\/et_pb_section][et_pb_section fb_built=\"1\" _builder_version=\"4.0.2\" background_color=\"#4b7d99\"][et_pb_row _builder_version=\"4.0.2\"][et_pb_column type=\"4_4\" _builder_version=\"4.0.2\"][et_pb_text admin_label=\"Texte\" module_class=\"liste-fond-orange \" _builder_version=\"4.0.2\" text_text_color=\"#ffffff\"]<\/p><h3 style=\"text-align: center;\"><span style=\"color: #ffffff;\">Quelques pr\u00e9cisions<\/span><\/h3><p>[\/et_pb_text][\/et_pb_column][\/et_pb_row][et_pb_row column_structure=\"1_2,1_2\" _builder_version=\"4.0.2\"][et_pb_column type=\"1_2\" _builder_version=\"4.0.2\"][et_pb_text admin_label=\"Texte\" module_class=\"liste-fond-orange \" _builder_version=\"4.0.2\" text_text_color=\"#ffffff\"]<\/p><ul><li>Gr\u00e2ce \u00e0 l\u2019ID mobile, nos banni\u00e8res sont virales et se transmettent sur tout l\u2019environnement digital (tablettes, ordinateurs\u2026)<\/li><li>Nous pouvons exercer une pression publicitaire de 2 \u00e0 6 banni\u00e8res par jour et par personne<\/li><li>Nous pouvons communiquer sur un identifiant unique de 5 minutes \u00e0 30 jours<\/li><\/ul><p>[\/et_pb_text][\/et_pb_column][et_pb_column type=\"1_2\" _builder_version=\"4.0.2\"][et_pb_text admin_label=\"Texte\" module_class=\"liste-fond-orange \" _builder_version=\"4.0.2\" text_text_color=\"#ffffff\"]<\/p><ul><li>Dur\u00e9e de campagne GPS et Event 45 jours minimum (relatif au nombre de banni\u00e8re diffus\u00e9 et au nombre d\u2019identifiant r\u00e9cup\u00e9rable)<\/li><li>Pr\u00e9cision du g\u00e9o-ciblage : 3 m\u00e8tres<\/li><li>Nos campagnes sont ajustables au cours de celle-ci. Nous pouvons donc ajouter et\/ou retirer des zones, prolonger la dur\u00e9e de la campagne ou ajouter des banni\u00e8res.<\/li><\/ul><p>[\/et_pb_text][\/et_pb_column][\/et_pb_row][et_pb_row _builder_version=\"4.0.2\"][et_pb_column type=\"4_4\" _builder_version=\"4.0.2\"][et_pb_text admin_label=\"Texte\" module_class=\"liste-fond-orange \" _builder_version=\"4.0.2\" text_text_color=\"#ffffff\"]<\/p><p style=\"text-align: center;\"><span style=\"color: #ffffff;\"><b>97% des fran\u00e7ais ont la localisation de leur mobile constamment activ\u00e9e<\/b><\/span><\/p><p>[\/et_pb_text][\/et_pb_column][\/et_pb_row][\/et_pb_section]<\/p>","_et_gb_content_width":"","footnotes":""},"class_list":["post-2859","page","type-page","status-publish","hentry"],"_links":{"self":[{"href":"https:\/\/xxl-visibility.com\/en\/wp-json\/wp\/v2\/pages\/2859","targetHints":{"allow":["GET"]}}],"collection":[{"href":"https:\/\/xxl-visibility.com\/en\/wp-json\/wp\/v2\/pages"}],"about":[{"href":"https:\/\/xxl-visibility.com\/en\/wp-json\/wp\/v2\/types\/page"}],"author":[{"embeddable":true,"href":"https:\/\/xxl-visibility.com\/en\/wp-json\/wp\/v2\/users\/1"}],"replies":[{"embeddable":true,"href":"https:\/\/xxl-visibility.com\/en\/wp-json\/wp\/v2\/comments?post=2859"}],"version-history":[{"count":13,"href":"https:\/\/xxl-visibility.com\/en\/wp-json\/wp\/v2\/pages\/2859\/revisions"}],"predecessor-version":[{"id":3134,"href":"https:\/\/xxl-visibility.com\/en\/wp-json\/wp\/v2\/pages\/2859\/revisions\/3134"}],"wp:attachment":[{"href":"https:\/\/xxl-visibility.com\/en\/wp-json\/wp\/v2\/media?parent=2859"}],"curies":[{"name":"wp","href":"https:\/\/api.w.org\/{rel}","templated":true}]}}