{"id":2810,"date":"2020-02-07T14:02:23","date_gmt":"2020-02-07T13:02:23","guid":{"rendered":"https:\/\/xxl-visibility.com\/?page_id=2810"},"modified":"2020-03-24T11:58:01","modified_gmt":"2020-03-24T10:58:01","slug":"banners","status":"publish","type":"page","link":"https:\/\/xxl-visibility.com\/en\/banners\/","title":{"rendered":"Banners"},"content":{"rendered":"<p>[et_pb_section fb_built=&#8221;1&#8243; fullwidth=&#8221;on&#8221; _builder_version=&#8221;3.22&#8243;][et_pb_fullwidth_header title=&#8221;Banners&#8221; text_orientation=&#8221;center&#8221; background_overlay_color=&#8221;rgba(0,0,0,0.3)&#8221; _builder_version=&#8221;4.0.2&#8243; background_color=&#8221;rgba(255, 255, 255, 0)&#8221; background_image=&#8221;https:\/\/xxl-visibility.com\/wp-content\/uploads\/2020\/01\/slider-avec-bannieres.png&#8221; button_one_text_size__hover_enabled=&#8221;off&#8221; button_two_text_size__hover_enabled=&#8221;off&#8221; button_one_text_color__hover_enabled=&#8221;off&#8221; button_two_text_color__hover_enabled=&#8221;off&#8221; button_one_border_width__hover_enabled=&#8221;off&#8221; button_two_border_width__hover_enabled=&#8221;off&#8221; button_one_border_color__hover_enabled=&#8221;off&#8221; button_two_border_color__hover_enabled=&#8221;off&#8221; button_one_border_radius__hover_enabled=&#8221;off&#8221; button_two_border_radius__hover_enabled=&#8221;off&#8221; button_one_letter_spacing__hover_enabled=&#8221;off&#8221; button_two_letter_spacing__hover_enabled=&#8221;off&#8221; button_one_bg_color__hover_enabled=&#8221;off&#8221; button_two_bg_color__hover_enabled=&#8221;off&#8221;][\/et_pb_fullwidth_header][\/et_pb_section][et_pb_section fb_built=&#8221;1&#8243; _builder_version=&#8221;4.0.2&#8243; background_color=&#8221;#f4f4f4&#8243;][et_pb_row _builder_version=&#8221;4.0.2&#8243;][et_pb_column type=&#8221;4_4&#8243; _builder_version=&#8221;4.0.2&#8243;][et_pb_text admin_label=&#8221;La banni\u00e8re pub c&#8217;est quoi &#8221; _builder_version=&#8221;4.3.4&#8243;]<\/p>\n<p style=\"text-align: center;\"><span class=\"titre-orange\">THE ADVERTISING BANNER<\/span><\/p>\n<h2 style=\"text-align: center;\">What is it?<\/h2>\n<p>[\/et_pb_text][\/et_pb_column][\/et_pb_row][et_pb_row column_structure=&#8221;1_2,1_2&#8243; _builder_version=&#8221;4.0.2&#8243;][et_pb_column type=&#8221;1_2&#8243; _builder_version=&#8221;4.0.2&#8243;][et_pb_text _builder_version=&#8221;4.3.4&#8243;]<span style=\"font-size: 12pt;\">An advertising banner is a large advertisement on a website that stretches across the top or down the side of the window. It usually contains a link to the advertiser&#8217;s website. The banner is the most widely used form of ad in digital marketing and is available on mobile phone, computer and touch pad.<\/span><\/p>\n<p><span style=\"font-size: 12pt;\">The goal of a company using banner as a communication channel is the incentive to click. We must put forward an attractive message of a discount offer for instance and a called for action.<\/span>[\/et_pb_text][\/et_pb_column][et_pb_column type=&#8221;1_2&#8243; _builder_version=&#8221;4.0.2&#8243;][et_pb_testimonial quote_icon_color=&#8221;#4b7d99&#8243; _builder_version=&#8221;4.3.4&#8243; body_text_color=&#8221;#ffffff&#8221; background_color=&#8221;#4b7d99&#8243; background_layout=&#8221;dark&#8221; custom_padding=&#8221;40px|40px|40px|40px|false|false&#8221;]<\/p>\n<div class=\"page\" title=\"Page 8\">\n<div class=\"section\">\n<div class=\"layoutArea\">\n<div class=\"column\">\n<p>Once again this year, the digital has seen his investments increase, <strong>it represents 38,5% of the total of the advertising expenses<\/strong>\u00a0 <em>(source Dentsu Aegis Network, August 2018)<\/em> in the global level, which allow to exceed TV for the first time (35,5%).<\/p>\n<\/div>\n<\/div>\n<\/div>\n<\/div>\n<p>[\/et_pb_testimonial][\/et_pb_column][\/et_pb_row][\/et_pb_section][et_pb_section fb_built=&#8221;1&#8243; _builder_version=&#8221;4.0.2&#8243; background_color=&#8221;#ef5023&#8243; custom_padding=&#8221;20px||20px||false|false&#8221;][et_pb_row _builder_version=&#8221;4.0.2&#8243; background_color=&#8221;#ef5023&#8243; background_color_gradient_direction=&#8221;360deg&#8221;][et_pb_column type=&#8221;4_4&#8243; _builder_version=&#8221;4.0.2&#8243;][et_pb_text admin_label=&#8221;Banners advetising advantages&#8221; _builder_version=&#8221;4.3.4&#8243; text_text_color=&#8221;#ffffff&#8221;]<\/p>\n<h3 style=\"text-align: center;\"><span style=\"color: #ffffff;\">Banners advetising advantages<\/span><\/h3>\n<p>[\/et_pb_text][\/et_pb_column][\/et_pb_row][et_pb_row column_structure=&#8221;1_2,1_2&#8243; module_class=&#8221;liste-fond-orange&#8221; _builder_version=&#8221;4.0.2&#8243; background_color=&#8221;#ef5023&#8243;][et_pb_column type=&#8221;1_2&#8243; _builder_version=&#8221;4.0.2&#8243;][et_pb_text _builder_version=&#8221;4.3.4&#8243; text_text_color=&#8221;#ffffff&#8221;]<\/p>\n<ul>\n<li>We can target accurately which avoid wasting money like with too large audience campaigns.<\/li>\n<\/ul>\n<p>[\/et_pb_text][\/et_pb_column][et_pb_column type=&#8221;1_2&#8243; _builder_version=&#8221;4.0.2&#8243;][et_pb_text _builder_version=&#8221;4.3.4&#8243; text_text_color=&#8221;#ffffff&#8221;]<\/p>\n<ul>\n<li>The choice of the advertising pressure on a mobile phone ID<\/li>\n<li>The banners campaigns performance is measurable<\/li>\n<\/ul>\n<p>[\/et_pb_text][\/et_pb_column][\/et_pb_row][\/et_pb_section][et_pb_section fb_built=&#8221;1&#8243; _builder_version=&#8221;4.0.2&#8243; background_color=&#8221;#f4f4f4&#8243; custom_padding=&#8221;||0px||false|false&#8221;][et_pb_row _builder_version=&#8221;4.0.2&#8243; background_color=&#8221;rgba(0,0,0,0)&#8221;][et_pb_column type=&#8221;4_4&#8243; _builder_version=&#8221;4.0.2&#8243;][et_pb_text admin_label=&#8221;Les diff\u00e9rents types de banni\u00e8res&#8221; _builder_version=&#8221;4.3.4&#8243;]<\/p>\n<p style=\"text-align: center;\"><span class=\"titre-orange\">DIFFERENTS <\/span><\/p>\n<h2 style=\"text-align: center;\">Types of banners<\/h2>\n<p>[\/et_pb_text][et_pb_text _builder_version=&#8221;4.3.4&#8243;]<\/p>\n<p style=\"text-align: center;\"><strong>2 types of banners exists :<\/strong><\/p>\n<p>[\/et_pb_text][\/et_pb_column][\/et_pb_row][et_pb_row column_structure=&#8221;1_4,3_4&#8243; _builder_version=&#8221;4.0.2&#8243;][et_pb_column type=&#8221;1_4&#8243; _builder_version=&#8221;4.0.2&#8243;][et_pb_divider show_divider=&#8221;off&#8221; _builder_version=&#8221;4.0.2&#8243; height=&#8221;180px&#8221;][\/et_pb_divider][et_pb_text admin_label=&#8221;Bannieres fixes&#8221; _builder_version=&#8221;4.3.4&#8243;]<\/p>\n<h2><span style=\"font-size: 24pt;\">Static banners<\/span><\/h2>\n<p>These are non animated banners (image fixe)[\/et_pb_text][\/et_pb_column][et_pb_column type=&#8221;3_4&#8243; _builder_version=&#8221;4.0.2&#8243;][et_pb_image src=&#8221;https:\/\/xxl-visibility.com\/wp-content\/uploads\/2019\/12\/ordinateur-avec-bannieres.png&#8221; align=&#8221;center&#8221; admin_label=&#8221;Exemples bannieres fixes&#8221; _builder_version=&#8221;4.0.2&#8243;][\/et_pb_image][\/et_pb_column][\/et_pb_row][\/et_pb_section][et_pb_section fb_built=&#8221;1&#8243; _builder_version=&#8221;4.0.2&#8243; background_color=&#8221;#f4f4f4&#8243; custom_padding=&#8221;0px||||false|false&#8221;][et_pb_row _builder_version=&#8221;4.0.2&#8243;][et_pb_column type=&#8221;4_4&#8243; _builder_version=&#8221;4.0.2&#8243;][et_pb_divider color=&#8221;#b2b7ba&#8221; divider_weight=&#8221;1px&#8221; admin_label=&#8221;S\u00e9parateur&#8221; _builder_version=&#8221;4.0.2&#8243; custom_padding=&#8221;40px||20px||false|false&#8221;][\/et_pb_divider][\/et_pb_column][\/et_pb_row][et_pb_row column_structure=&#8221;3_4,1_4&#8243; _builder_version=&#8221;4.0.2&#8243; custom_padding=&#8221;0px||||false|false&#8221;][et_pb_column type=&#8221;3_4&#8243; _builder_version=&#8221;4.0.2&#8243;][et_pb_image src=&#8221;https:\/\/xxl-visibility.com\/wp-content\/uploads\/2019\/12\/Banniere-PSA728x90px.gif&#8221; align=&#8221;center&#8221; _builder_version=&#8221;4.0.2&#8243; background_color=&#8221;#f4f4f4&#8243;][\/et_pb_image][et_pb_image src=&#8221;https:\/\/xxl-visibility.com\/wp-content\/uploads\/2019\/12\/assur-ma-banniere728x-90px.gif&#8221; align=&#8221;center&#8221; _builder_version=&#8221;4.0.2&#8243; background_color=&#8221;#f4f4f4&#8243;][\/et_pb_image][et_pb_image src=&#8221;https:\/\/xxl-visibility.com\/wp-content\/uploads\/2019\/12\/Banniere-728x-90px-1.gif&#8221; align=&#8221;center&#8221; _builder_version=&#8221;4.0.2&#8243; background_color=&#8221;#f4f4f4&#8243;][\/et_pb_image][et_pb_image src=&#8221;https:\/\/xxl-visibility.com\/wp-content\/uploads\/2019\/12\/Banniere-728-x-90px-.gif&#8221; align=&#8221;center&#8221; _builder_version=&#8221;4.0.2&#8243; background_color=&#8221;#f4f4f4&#8243;][\/et_pb_image][\/et_pb_column][et_pb_column type=&#8221;1_4&#8243; _builder_version=&#8221;4.0.2&#8243;][et_pb_divider show_divider=&#8221;off&#8221; _builder_version=&#8221;4.0.2&#8243; height=&#8221;180px&#8221;][\/et_pb_divider][et_pb_text admin_label=&#8221;Bannieres gif&#8221; _builder_version=&#8221;4.3.4&#8243;]<\/p>\n<h2 style=\"text-align: left;\"><span style=\"font-size: 24pt;\"><strong>Animated banners<\/strong><\/span><\/h2>\n<p style=\"text-align: left;\">These are animated images : GIF<\/p>\n<p>[\/et_pb_text][\/et_pb_column][\/et_pb_row][\/et_pb_section][et_pb_section fb_built=&#8221;1&#8243; _builder_version=&#8221;4.0.2&#8243;][et_pb_row _builder_version=&#8221;4.0.2&#8243;][et_pb_column type=&#8221;4_4&#8243; _builder_version=&#8221;4.0.2&#8243;][et_pb_text admin_label=&#8221;Nos formats de banni\u00e8re&#8221; _builder_version=&#8221;4.3.4&#8243; hover_enabled=&#8221;0&#8243;]<\/p>\n<p style=\"text-align: center;\"><span class=\"titre-orange\">Formats <\/span><\/p>\n<h2 style=\"text-align: center;\">Banners<\/h2>\n<p>[\/et_pb_text][et_pb_image src=&#8221;https:\/\/xxl-visibility.com\/wp-content\/uploads\/2019\/12\/banners-format.jpg&#8221; _builder_version=&#8221;4.0.2&#8243;][\/et_pb_image][\/et_pb_column][\/et_pb_row][\/et_pb_section]<\/p>\n","protected":false},"excerpt":{"rendered":"<p>THE ADVERTISING BANNER What is it?An advertising banner is a large advertisement on a website that stretches across the top or down the side of the window. It usually contains a link to the advertiser&#8217;s website. The banner is the most widely used form of ad in digital marketing and is available on mobile phone, [&hellip;]<\/p>\n","protected":false},"author":1,"featured_media":0,"parent":0,"menu_order":0,"comment_status":"closed","ping_status":"closed","template":"","meta":{"_et_pb_use_builder":"on","_et_pb_old_content":"<p>[et_pb_section fb_built=\"1\" fullwidth=\"on\" _builder_version=\"3.22\"][et_pb_fullwidth_header title=\"Banni\u00e8re\" text_orientation=\"center\" background_overlay_color=\"rgba(0,0,0,0.3)\" _builder_version=\"4.0.2\" background_color=\"rgba(255, 255, 255, 0)\" background_image=\"https:\/\/xxl-visibility.com\/wp-content\/uploads\/2020\/01\/slider-avec-bannieres.png\" button_one_text_size__hover_enabled=\"off\" button_two_text_size__hover_enabled=\"off\" button_one_text_color__hover_enabled=\"off\" button_two_text_color__hover_enabled=\"off\" button_one_border_width__hover_enabled=\"off\" button_two_border_width__hover_enabled=\"off\" button_one_border_color__hover_enabled=\"off\" button_two_border_color__hover_enabled=\"off\" button_one_border_radius__hover_enabled=\"off\" button_two_border_radius__hover_enabled=\"off\" button_one_letter_spacing__hover_enabled=\"off\" button_two_letter_spacing__hover_enabled=\"off\" button_one_bg_color__hover_enabled=\"off\" button_two_bg_color__hover_enabled=\"off\"][\/et_pb_fullwidth_header][\/et_pb_section][et_pb_section fb_built=\"1\" _builder_version=\"4.0.2\" background_color=\"#f4f4f4\"][et_pb_row _builder_version=\"4.0.2\"][et_pb_column type=\"4_4\" _builder_version=\"4.0.2\"][et_pb_text admin_label=\"La banni\u00e8re pub c'est quoi \" _builder_version=\"4.0.2\"]<\/p><p style=\"text-align: center;\"><span class=\"titre-orange\">La banni\u00e8re pub<\/span><\/p><h2 style=\"text-align: center;\">C'est quoi ?<\/h2><p>[\/et_pb_text][\/et_pb_column][\/et_pb_row][et_pb_row column_structure=\"1_2,1_2\" _builder_version=\"4.0.2\"][et_pb_column type=\"1_2\" _builder_version=\"4.0.2\"][et_pb_text _builder_version=\"4.0.2\"]<\/p><p><span style=\"font-size: 12pt;\">Une banni\u00e8re pub est un bandeau publicitaire en ligne cliquable permettant de renvoyer l\u2019internaute sur un site web. La banni\u00e8re est la forme de publicit\u00e9 la plus r\u00e9pandu en marketing digital et est disponible sur mobile, tablette et ordinateur.<\/span><\/p><p><span style=\"font-size: 12pt;\">Le but lors de l\u2019utilisation de banni\u00e8re est l\u2019incitation au clic. Il faut donc mettre en avant un message attractif ou une offre int\u00e9ressante, et un appel \u00e0 action.<\/span><\/p><p>[\/et_pb_text][\/et_pb_column][et_pb_column type=\"1_2\" _builder_version=\"4.0.2\"][et_pb_testimonial quote_icon_color=\"#4b7d99\" _builder_version=\"4.0.2\" body_text_color=\"#ffffff\" background_color=\"#4b7d99\" background_layout=\"dark\" custom_padding=\"40px|40px|40px|40px|false|false\"]<\/p><p>Cette ann\u00e9e encore, le digital a vu ses investissements grimper, il repr\u00e9sente <strong>38,5% du total des d\u00e9penses publicitaires<\/strong> (<em>source Dentsu Aegis Network, ao\u00fbt 2018<\/em>) au niveau mondial, ce qui lui permet de d\u00e9passer pour la 1\u00e8re fois la TV (35,5%).<\/p><p>[\/et_pb_testimonial][\/et_pb_column][\/et_pb_row][\/et_pb_section][et_pb_section fb_built=\"1\" _builder_version=\"4.0.2\" background_color=\"#ef5023\" custom_padding=\"20px||20px||false|false\"][et_pb_row _builder_version=\"4.0.2\" background_color=\"#ef5023\" background_color_gradient_direction=\"360deg\"][et_pb_column type=\"4_4\" _builder_version=\"4.0.2\"][et_pb_text admin_label=\"L'avantage de la publicit\u00e9 web par banni\u00e8re\" _builder_version=\"4.0.2\" text_text_color=\"#ffffff\" hover_enabled=\"0\"]<\/p><h3 style=\"text-align: center;\"><span style=\"color: #ffffff;\">L'avantage de la publicit\u00e9 web par banni\u00e8re<\/span><\/h3><p>[\/et_pb_text][\/et_pb_column][\/et_pb_row][et_pb_row column_structure=\"1_2,1_2\" module_class=\"liste-fond-orange\" _builder_version=\"4.0.2\" background_color=\"#ef5023\"][et_pb_column type=\"1_2\" _builder_version=\"4.0.2\"][et_pb_text _builder_version=\"4.0.2\" text_text_color=\"#ffffff\"]<\/p><ul><li>Nous pouvons cibler le public pr\u00e9cis\u00e9ment ce qui \u00e9vite le gaspillage comme lors des campagnes \u00e0 audience trop large.<\/li><\/ul><p>[\/et_pb_text][\/et_pb_column][et_pb_column type=\"1_2\" _builder_version=\"4.0.2\"][et_pb_text _builder_version=\"4.0.2\" text_text_color=\"#ffffff\"]<\/p><ul><li>Choix de la pression publicitaire sur un ID unique<\/li><li>La performance des campagnes par banni\u00e8res est mesurable<\/li><\/ul><p>[\/et_pb_text][\/et_pb_column][\/et_pb_row][\/et_pb_section][et_pb_section fb_built=\"1\" _builder_version=\"4.0.2\" background_color=\"#f4f4f4\" custom_padding=\"||0px||false|false\"][et_pb_row _builder_version=\"4.0.2\" background_color=\"rgba(0,0,0,0)\"][et_pb_column type=\"4_4\" _builder_version=\"4.0.2\"][et_pb_text admin_label=\"Les diff\u00e9rents types de banni\u00e8res\" _builder_version=\"4.0.2\"]<\/p><p style=\"text-align: center;\"><span class=\"titre-orange\">Les diff\u00e9rents <\/span><\/p><h2 style=\"text-align: center;\">Types de banni\u00e8res<\/h2><p>[\/et_pb_text][et_pb_text _builder_version=\"4.0.2\"]<\/p><p style=\"text-align: center;\"><strong>Il existe 2 types de banni\u00e8res :<\/strong><\/p><p>[\/et_pb_text][\/et_pb_column][\/et_pb_row][et_pb_row column_structure=\"1_4,3_4\" _builder_version=\"4.0.2\"][et_pb_column type=\"1_4\" _builder_version=\"4.0.2\"][et_pb_divider show_divider=\"off\" _builder_version=\"4.0.2\" height=\"180px\"][\/et_pb_divider][et_pb_text admin_label=\"Bannieres fixes\" _builder_version=\"4.0.2\"]<\/p><h2><span style=\"font-size: 24pt;\">Les banni\u00e8res statiques<\/span><\/h2><p>Ce sont des banni\u00e8res non anim\u00e9es (image fixe)[\/et_pb_text][\/et_pb_column][et_pb_column type=\"3_4\" _builder_version=\"4.0.2\"][et_pb_image src=\"https:\/\/xxl-visibility.com\/wp-content\/uploads\/2019\/12\/ordinateur-avec-bannieres.png\" align=\"center\" admin_label=\"Exemples bannieres fixes\" _builder_version=\"4.0.2\"][\/et_pb_image][\/et_pb_column][\/et_pb_row][\/et_pb_section][et_pb_section fb_built=\"1\" _builder_version=\"4.0.2\" background_color=\"#f4f4f4\" custom_padding=\"0px||||false|false\"][et_pb_row _builder_version=\"4.0.2\"][et_pb_column type=\"4_4\" _builder_version=\"4.0.2\"][et_pb_divider color=\"#b2b7ba\" divider_weight=\"1px\" admin_label=\"S\u00e9parateur\" _builder_version=\"4.0.2\" custom_padding=\"40px||20px||false|false\"][\/et_pb_divider][\/et_pb_column][\/et_pb_row][et_pb_row column_structure=\"3_4,1_4\" _builder_version=\"4.0.2\" custom_padding=\"0px||||false|false\"][et_pb_column type=\"3_4\" _builder_version=\"4.0.2\"][et_pb_image src=\"https:\/\/xxl-visibility.com\/wp-content\/uploads\/2019\/12\/Banniere-PSA728x90px.gif\" align=\"center\" _builder_version=\"4.0.2\" background_color=\"#f4f4f4\"][\/et_pb_image][et_pb_image src=\"https:\/\/xxl-visibility.com\/wp-content\/uploads\/2019\/12\/assur-ma-banniere728x-90px.gif\" align=\"center\" _builder_version=\"4.0.2\" background_color=\"#f4f4f4\"][\/et_pb_image][et_pb_image src=\"https:\/\/xxl-visibility.com\/wp-content\/uploads\/2019\/12\/Banniere-728x-90px-1.gif\" align=\"center\" _builder_version=\"4.0.2\" background_color=\"#f4f4f4\"][\/et_pb_image][et_pb_image src=\"https:\/\/xxl-visibility.com\/wp-content\/uploads\/2019\/12\/Banniere-728-x-90px-.gif\" align=\"center\" _builder_version=\"4.0.2\" background_color=\"#f4f4f4\"][\/et_pb_image][\/et_pb_column][et_pb_column type=\"1_4\" _builder_version=\"4.0.2\"][et_pb_divider show_divider=\"off\" _builder_version=\"4.0.2\" height=\"180px\"][\/et_pb_divider][et_pb_text admin_label=\"Bannieres gif\" _builder_version=\"4.0.2\"]<\/p><h2 style=\"text-align: left;\"><span style=\"font-size: 24pt;\"><strong>Les banni\u00e8res anim\u00e9es<\/strong><\/span><\/h2><p style=\"text-align: left;\">il s'agit d'images anim\u00e9es en Gif<\/p><p>[\/et_pb_text][\/et_pb_column][\/et_pb_row][\/et_pb_section][et_pb_section fb_built=\"1\" _builder_version=\"4.0.2\"][et_pb_row _builder_version=\"4.0.2\"][et_pb_column type=\"4_4\" _builder_version=\"4.0.2\"][et_pb_text admin_label=\"Nos formats de banni\u00e8re\" _builder_version=\"4.0.2\"]<\/p><p style=\"text-align: center;\"><span class=\"titre-orange\">Nos formats <\/span><\/p><h2 style=\"text-align: center;\">De banni\u00e8res<\/h2><p>[\/et_pb_text][et_pb_image src=\"https:\/\/xxl-visibility.com\/wp-content\/uploads\/2019\/12\/banners-format.jpg\" _builder_version=\"4.0.2\"][\/et_pb_image][\/et_pb_column][\/et_pb_row][\/et_pb_section]<\/p>","_et_gb_content_width":"","footnotes":""},"class_list":["post-2810","page","type-page","status-publish","hentry"],"_links":{"self":[{"href":"https:\/\/xxl-visibility.com\/en\/wp-json\/wp\/v2\/pages\/2810","targetHints":{"allow":["GET"]}}],"collection":[{"href":"https:\/\/xxl-visibility.com\/en\/wp-json\/wp\/v2\/pages"}],"about":[{"href":"https:\/\/xxl-visibility.com\/en\/wp-json\/wp\/v2\/types\/page"}],"author":[{"embeddable":true,"href":"https:\/\/xxl-visibility.com\/en\/wp-json\/wp\/v2\/users\/1"}],"replies":[{"embeddable":true,"href":"https:\/\/xxl-visibility.com\/en\/wp-json\/wp\/v2\/comments?post=2810"}],"version-history":[{"count":16,"href":"https:\/\/xxl-visibility.com\/en\/wp-json\/wp\/v2\/pages\/2810\/revisions"}],"predecessor-version":[{"id":3122,"href":"https:\/\/xxl-visibility.com\/en\/wp-json\/wp\/v2\/pages\/2810\/revisions\/3122"}],"wp:attachment":[{"href":"https:\/\/xxl-visibility.com\/en\/wp-json\/wp\/v2\/media?parent=2810"}],"curies":[{"name":"wp","href":"https:\/\/api.w.org\/{rel}","templated":true}]}}