{"id":2808,"date":"2020-02-07T14:01:56","date_gmt":"2020-02-07T13:01:56","guid":{"rendered":"https:\/\/xxl-visibility.com\/?page_id=2808"},"modified":"2020-03-24T11:18:38","modified_gmt":"2020-03-24T10:18:38","slug":"about-us","status":"publish","type":"page","link":"https:\/\/xxl-visibility.com\/en\/about-us\/","title":{"rendered":"About us"},"content":{"rendered":"<p>[et_pb_section fb_built=&#8221;1&#8243; fullwidth=&#8221;on&#8221; _builder_version=&#8221;3.22&#8243;][et_pb_fullwidth_header title=&#8221;About us&#8221; text_orientation=&#8221;center&#8221; background_overlay_color=&#8221;rgba(0,0,0,0.3)&#8221; _builder_version=&#8221;4.0.2&#8243; background_color=&#8221;rgba(255, 255, 255, 0)&#8221; background_image=&#8221;https:\/\/xxl-visibility.com\/wp-content\/uploads\/2020\/01\/canoe-restaurant-view-downtown-toronto-things-to-do-in-toronto.jpg&#8221; button_one_text_size__hover_enabled=&#8221;off&#8221; button_two_text_size__hover_enabled=&#8221;off&#8221; button_one_text_color__hover_enabled=&#8221;off&#8221; button_two_text_color__hover_enabled=&#8221;off&#8221; button_one_border_width__hover_enabled=&#8221;off&#8221; button_two_border_width__hover_enabled=&#8221;off&#8221; button_one_border_color__hover_enabled=&#8221;off&#8221; button_two_border_color__hover_enabled=&#8221;off&#8221; button_one_border_radius__hover_enabled=&#8221;off&#8221; button_two_border_radius__hover_enabled=&#8221;off&#8221; button_one_letter_spacing__hover_enabled=&#8221;off&#8221; button_two_letter_spacing__hover_enabled=&#8221;off&#8221; button_one_bg_color__hover_enabled=&#8221;off&#8221; button_two_bg_color__hover_enabled=&#8221;off&#8221;][\/et_pb_fullwidth_header][\/et_pb_section][et_pb_section fb_built=&#8221;1&#8243; _builder_version=&#8221;4.0.2&#8243; background_color=&#8221;#f4f4f4&#8243;][et_pb_row _builder_version=&#8221;4.0.2&#8243;][et_pb_column type=&#8221;4_4&#8243; _builder_version=&#8221;4.0.2&#8243;][et_pb_text admin_label=&#8221;Texte&#8221; _builder_version=&#8221;4.3.4&#8243; text_text_color=&#8221;#000000&#8243; text_font_size=&#8221;18px&#8221; text_orientation=&#8221;center&#8221;]<\/p>\n<p>XXL Visibility is a digital marketing agency which deliver your advert banners\u2028on mobile phones, computer and touch pad.\u2028Created in 2018, XXL Visibility is the marketing focused company that turns your prospects in clients thanks to the drive-to-store and drive-to-web technologies. : <a href=\"\/?page_id=2859\">Mobile phone targeting on GPS zones<\/a><\/p>\n<p>[\/et_pb_text][et_pb_divider color=&#8221;#b2b7ba&#8221; divider_weight=&#8221;1px&#8221; _builder_version=&#8221;4.0.2&#8243; custom_padding=&#8221;40px||20px||false|false&#8221;][\/et_pb_divider][\/et_pb_column][\/et_pb_row][et_pb_row column_structure=&#8221;3_5,2_5&#8243; admin_label=&#8221;Paragraphe Christophe&#8221; _builder_version=&#8221;4.0.2&#8243; background_color=&#8221;rgba(0,0,0,0)&#8221;][et_pb_column type=&#8221;3_5&#8243; _builder_version=&#8221;4.0.2&#8243;][et_pb_text admin_label=&#8221;depuis 1997&#8243; _builder_version=&#8221;4.0.2&#8243;]<\/p>\n<p style=\"text-align: center;\"><span class=\"titre-orange\">SINCE 1997 <\/span><\/p>\n<h2 style=\"text-align: center;\">\u00a0A leading team in the communication professions<\/h2>\n<p>[\/et_pb_text][et_pb_text _builder_version=&#8221;4.3.4&#8243;]<\/p>\n<div class=\"et_pb_promo_description\">\n<div>\n<p>Requested by all the communication channels, targeting its interests, the human mind is currently reactive to targeted adverts.<\/p>\n<p>To distribute your adverts on a increasingly receptive audience, XXL Visibility never stop to analyse the human behavior on the digital environment, and on the real world.<\/p>\n<p>I am Christophe Berrodier and am a part of the web pioneers. I run XXL Visibility which is driven by web technology and geo- tracking performances, by offering a large range of services associated to the banners display, for the best \u00ab drive to store and drive to web \u00bb performance.<\/p>\n<\/div>\n<\/div>\n<p>[\/et_pb_text][\/et_pb_column][et_pb_column type=&#8221;2_5&#8243; _builder_version=&#8221;4.0.2&#8243;][et_pb_image src=&#8221;https:\/\/xxl-visibility.com\/wp-content\/uploads\/2020\/01\/1B6A9858-CBerrodier.jpeg&#8221; _builder_version=&#8221;4.0.2&#8243; custom_margin=&#8221;||13px|13px|false|false&#8221;][\/et_pb_image][\/et_pb_column][\/et_pb_row][et_pb_row module_class=&#8221;quelques-chiffres&#8221; _builder_version=&#8221;4.0.2&#8243;][et_pb_column type=&#8221;4_4&#8243; _builder_version=&#8221;4.0.2&#8243;][et_pb_divider color=&#8221;#b2b7ba&#8221; divider_weight=&#8221;1px&#8221; _builder_version=&#8221;4.0.2&#8243; custom_padding=&#8221;40px||20px||false|false&#8221;][\/et_pb_divider][et_pb_text admin_label=&#8221;XXL Visibility quelques chiffres&#8221; _builder_version=&#8221;4.3.4&#8243;]<\/p>\n<p style=\"text-align: center;\"><span class=\"titre-orange\">XXL Visibility<\/span><\/p>\n<h2 style=\"text-align: center;\">Some key numbers<\/h2>\n<p>[\/et_pb_text][\/et_pb_column][\/et_pb_row][et_pb_row column_structure=&#8221;1_4,1_4,1_4,1_4&#8243; module_class=&#8221;xxl-visibility-chiffres&#8221; _builder_version=&#8221;4.0.2&#8243;][et_pb_column type=&#8221;1_4&#8243; _builder_version=&#8221;4.0.2&#8243;][et_pb_blurb title=&#8221;Agency &#038; exclusivity&#8221; image=&#8221;https:\/\/xxl-visibility.com\/wp-content\/uploads\/2019\/12\/1ere-agence.png&#8221; _builder_version=&#8221;4.3.4&#8243; text_orientation=&#8221;center&#8221;]clause on the marketing of the technology in Europe[\/et_pb_blurb][\/et_pb_column][et_pb_column type=&#8221;1_4&#8243; _builder_version=&#8221;4.0.2&#8243;][et_pb_blurb title=&#8221;Millions impressions&#8221; image=&#8221;https:\/\/xxl-visibility.com\/wp-content\/uploads\/2019\/12\/675-millions-d\u2019impressions.png&#8221; _builder_version=&#8221;4.3.4&#8243; text_orientation=&#8221;center&#8221;]Canada- Euro- Asia[\/et_pb_blurb][\/et_pb_column][et_pb_column type=&#8221;1_4&#8243; _builder_version=&#8221;4.0.2&#8243;][et_pb_blurb title=&#8221;Websites and apps&#8221; image=&#8221;https:\/\/xxl-visibility.com\/wp-content\/uploads\/2019\/12\/350-000-sites-et-applications-.png&#8221; _builder_version=&#8221;4.3.4&#8243; text_orientation=&#8221;center&#8221;]Available in inventory[\/et_pb_blurb][\/et_pb_column][et_pb_column type=&#8221;1_4&#8243; _builder_version=&#8221;4.0.2&#8243;][et_pb_blurb title=&#8221;Advertising exchange&#8221; image=&#8221;https:\/\/xxl-visibility.com\/wp-content\/uploads\/2019\/12\/350-plateformes-d\u2019\u00e9change-.png&#8221; _builder_version=&#8221;4.3.4&#8243; text_orientation=&#8221;center&#8221;]platforms in the world[\/et_pb_blurb][\/et_pb_column][\/et_pb_row][\/et_pb_section][et_pb_section fb_built=&#8221;1&#8243; _builder_version=&#8221;4.0.2&#8243; background_color=&#8221;#4b7d99&#8243;][et_pb_row _builder_version=&#8221;4.0.2&#8243; custom_padding=&#8221;||0px||false|false&#8221;][et_pb_column type=&#8221;4_4&#8243; _builder_version=&#8221;4.0.2&#8243;][et_pb_text admin_label=&#8221;Our commitments&#8221; _builder_version=&#8221;4.3.4&#8243;]<\/p>\n<h2 style=\"text-align: center;\"><span style=\"color: #ffffff; font-family: helvetica, arial, sans-serif;\">Nos engagements<\/span><\/h2>\n<p>[\/et_pb_text][\/et_pb_column][\/et_pb_row][et_pb_row column_structure=&#8221;1_2,1_2&#8243; _builder_version=&#8221;4.0.2&#8243;][et_pb_column type=&#8221;1_2&#8243; _builder_version=&#8221;4.0.2&#8243; background_color=&#8221;rgba(0,0,0,0)&#8221;][et_pb_text admin_label=&#8221;Ethical&#8221; module_class=&#8221;liste-fond-orange&#8221; _builder_version=&#8221;4.3.4&#8243; text_text_color=&#8221;#ffffff&#8221; background_color=&#8221;rgba(0,0,0,0)&#8221; background_layout=&#8221;dark&#8221; custom_padding=&#8221;||||false|false&#8221; hover_enabled=&#8221;0&#8243;]<\/p>\n<h3 style=\"text-align: center;\"><strong><span style=\"color: #ffffff;\">Ethical<\/strong><\/span><\/h3>\n<p>&nbsp;<\/p>\n<ul>\n<li>We work according to the new GDPR Law for \u00ab General Data Protection Regulation \u00bb<\/li>\n<li>Prohibiton to collect any personal data<\/li>\n<li>The mobile phone ID are collected only for 30 days<\/li>\n<li>Each mobile phone ID is encrypted<\/li>\n<li>The user has to consent to use the geo-tracking function to receive our advert banners<\/li>\n<\/ul>\n<p>[\/et_pb_text][et_pb_text admin_label=&#8221;Quality&#8221; module_class=&#8221;liste-fond-orange&#8221; _builder_version=&#8221;4.3.4&#8243; text_text_color=&#8221;#ffffff&#8221; hover_enabled=&#8221;0&#8243;]<\/p>\n<h3 style=\"text-align: center;\"><strong><span style=\"color: #ffffff;\">Quality<\/strong><\/span><\/h3>\n<p>&nbsp;<\/p>\n<ul>\n<li>Highest quality traffic : The dissemination of your campaign won\u2019t be on inappropriate websites thanks to PEER39 by \u00a9Sizmek<\/li>\n<li>20 years of digital sector expertise.<\/li>\n<\/ul>\n<p>[\/et_pb_text][\/et_pb_column][et_pb_column type=&#8221;1_2&#8243; _builder_version=&#8221;4.0.2&#8243; background_color=&#8221;rgba(0,0,0,0)&#8221;][et_pb_text admin_label=&#8221;Privacy&#8221; module_class=&#8221;liste-fond-orange&#8221; _builder_version=&#8221;4.3.4&#8243; text_text_color=&#8221;#ffffff&#8221; hover_enabled=&#8221;0&#8243;]<\/p>\n<h3 style=\"text-align: center;\"><strong><span style=\"color: #ffffff;\">Privacy<\/strong><\/span><\/h3>\n<p>&nbsp;<\/p>\n<p><strong>We are committed :<\/strong><\/p>\n<ul>\n<li>To work with only one partner by line of business, by regions, on a defined time period in order to avoid unfair competition<\/li>\n<li>Not to share your objectives and campaign results<\/li>\n<li>Not to share your personal data<\/li>\n<\/ul>\n<p>[\/et_pb_text][et_pb_text admin_label=&#8221;Responsiveness&#8221; module_class=&#8221;liste-fond-orange&#8221; _builder_version=&#8221;4.3.4&#8243; text_text_color=&#8221;#ffffff&#8221; hover_enabled=&#8221;0&#8243;]<\/p>\n<h3 style=\"text-align: center;\"><strong><span style=\"color: #ffffff;\">Responsiveness<\/strong><\/span><\/h3>\n<p>&nbsp;<\/p>\n<ul>\n<li>We commit ourselves to launch a campaign under 72 hours<\/li>\n<li>We include the banners realization (pitch and visual)<\/li>\n<li>You will receive a weekly report to measure the progress of the campaign<\/li>\n<li>We are available to answer to any questions and change, before, during and after the advert campaign<\/li>\n<\/ul>\n<\/div>\n<\/div>\n<\/div>\n<\/div>\n<p>[\/et_pb_text][\/et_pb_column][\/et_pb_row][\/et_pb_section]<\/p>\n","protected":false},"excerpt":{"rendered":"<p>XXL Visibility is a digital marketing agency which deliver your advert banners\u2028on mobile phones, computer and touch pad.\u2028Created in 2018, XXL Visibility is the marketing focused company that turns your prospects in clients thanks to the drive-to-store and drive-to-web technologies. : Mobile phone targeting on GPS zonesSINCE 1997 \u00a0A leading team in the communication professions [&hellip;]<\/p>\n","protected":false},"author":1,"featured_media":0,"parent":0,"menu_order":0,"comment_status":"closed","ping_status":"closed","template":"","meta":{"_et_pb_use_builder":"on","_et_pb_old_content":"<p>[et_pb_section fb_built=\"1\" fullwidth=\"on\" _builder_version=\"3.22\"][et_pb_fullwidth_header title=\"\u00c0 propos\" text_orientation=\"center\" background_overlay_color=\"rgba(0,0,0,0.3)\" _builder_version=\"4.0.2\" background_color=\"rgba(255, 255, 255, 0)\" background_image=\"https:\/\/xxl-visibility.com\/wp-content\/uploads\/2020\/01\/canoe-restaurant-view-downtown-toronto-things-to-do-in-toronto.jpg\" button_one_text_size__hover_enabled=\"off\" button_two_text_size__hover_enabled=\"off\" button_one_text_color__hover_enabled=\"off\" button_two_text_color__hover_enabled=\"off\" button_one_border_width__hover_enabled=\"off\" button_two_border_width__hover_enabled=\"off\" button_one_border_color__hover_enabled=\"off\" button_two_border_color__hover_enabled=\"off\" button_one_border_radius__hover_enabled=\"off\" button_two_border_radius__hover_enabled=\"off\" button_one_letter_spacing__hover_enabled=\"off\" button_two_letter_spacing__hover_enabled=\"off\" button_one_bg_color__hover_enabled=\"off\" button_two_bg_color__hover_enabled=\"off\"][\/et_pb_fullwidth_header][\/et_pb_section][et_pb_section fb_built=\"1\" _builder_version=\"4.0.2\" background_color=\"#f4f4f4\"][et_pb_row _builder_version=\"4.0.2\"][et_pb_column type=\"4_4\" _builder_version=\"4.0.2\"][et_pb_text admin_label=\"Texte\" _builder_version=\"4.0.2\" text_text_color=\"#000000\" text_font_size=\"18px\" text_orientation=\"center\" hover_enabled=\"0\"]<\/p><p style=\"text-align: center;\">XXL Visibility est une agence de marketing digital qui diffuse vos banni\u00e8res publicitaires sur mobile, ordinateur et tablette.<br \/>N\u00e9e en 2018, XXL Visibility est la soci\u00e9t\u00e9 sp\u00e9cialis\u00e9e en marketing mobile qui transforme vos prospects en client gr\u00e2ce aux nouvelles technologies drive-to-store et drive-to-web. Notre technologie satellite jouit de la meilleure performance en taux de clic et taux de conversion physique\u00a0 : <a href=\"\/?page_id=1450\">Le ciblage prospect par satellite\u00a0<\/a><\/p><p>[\/et_pb_text][et_pb_divider color=\"#b2b7ba\" divider_weight=\"1px\" _builder_version=\"4.0.2\" custom_padding=\"40px||20px||false|false\"][\/et_pb_divider][\/et_pb_column][\/et_pb_row][et_pb_row column_structure=\"3_5,2_5\" admin_label=\"Paragraphe Christophe\" _builder_version=\"4.0.2\" background_color=\"rgba(0,0,0,0)\"][et_pb_column type=\"3_5\" _builder_version=\"4.0.2\"][et_pb_text admin_label=\"depuis 1997\" _builder_version=\"4.0.2\"]<\/p><p style=\"text-align: center;\"><span class=\"titre-orange\">Depuis 1997 <\/span><\/p><h2 style=\"text-align: center;\">Une \u00e9quipe leader dans les m\u00e9tiers de la communication<\/h2><p>[\/et_pb_text][et_pb_text _builder_version=\"4.0.2\"]<\/p><p style=\"text-align: center;\">Sollicit\u00e9 par tous les canaux de communication, l'esprit humain est aujourd'hui r\u00e9actif \u00e0 une publicit\u00e9 qui le concerne en touchant ses centres d'int\u00e9r\u00eat. Pour diffuser votre publicit\u00e9 sur un public de plus en plus r\u00e9ceptif, XXL visibility n'a de cesse d'analyser le comportement humain dans l'\u00e9cosyst\u00e8me digital, ainsi que dans notre monde r\u00e9el.<\/p><p style=\"text-align: center;\">Je suis Christophe Berrodier et fais partie des pionniers du web. Notre Groupe se nourrit des performances des technologies internet et de geo-localisation, en proposant une offre globale de services associ\u00e9s \u00e0 l'h\u00e9bergement, conception de site internet, community management, publicit\u00e9 en retargeting, pour une conversion Drive to store ou Drive to web de plus en plus performante.<\/p><p>[\/et_pb_text][\/et_pb_column][et_pb_column type=\"2_5\" _builder_version=\"4.0.2\"][et_pb_divider show_divider=\"off\" _builder_version=\"4.0.2\" height=\"120px\"][\/et_pb_divider][et_pb_image src=\"https:\/\/xxl-visibility.com\/wp-content\/uploads\/2020\/01\/1B6A9858-CBerrodier.jpeg\" _builder_version=\"4.0.2\" custom_margin=\"||13px|13px|false|false\"][\/et_pb_image][\/et_pb_column][\/et_pb_row][et_pb_row module_class=\"quelques-chiffres\" _builder_version=\"4.0.2\"][et_pb_column type=\"4_4\" _builder_version=\"4.0.2\"][et_pb_divider color=\"#b2b7ba\" divider_weight=\"1px\" _builder_version=\"4.0.2\" custom_padding=\"40px||20px||false|false\"][\/et_pb_divider][et_pb_text admin_label=\"XXL Visibility quelques chiffres\" _builder_version=\"4.0.2\"]<\/p><p style=\"text-align: center;\"><span class=\"titre-orange\">XXL Visibility<\/span><\/p><h2 style=\"text-align: center;\">Quelques chiffres<\/h2><p>[\/et_pb_text][\/et_pb_column][\/et_pb_row][et_pb_row column_structure=\"1_4,1_4,1_4,1_4\" module_class=\"xxl-visibility-chiffres\" _builder_version=\"4.0.2\"][et_pb_column type=\"1_4\" _builder_version=\"4.0.2\"][et_pb_blurb title=\"Agence et exclusivit\u00e9 \" image=\"https:\/\/xxl-visibility.com\/wp-content\/uploads\/2019\/12\/1ere-agence.png\" _builder_version=\"4.0.2\" text_orientation=\"center\"]sur la commercialisation de cette technologie de pr\u00e9cision en Europe[\/et_pb_blurb][\/et_pb_column][et_pb_column type=\"1_4\" _builder_version=\"4.0.2\"][et_pb_blurb title=\"Millions d\u2019impressions\" image=\"https:\/\/xxl-visibility.com\/wp-content\/uploads\/2019\/12\/675-millions-d\u2019impressions.png\" _builder_version=\"4.0.2\" text_orientation=\"center\"]Canada \u2013 Euro \u2013 Asie [\/et_pb_blurb][\/et_pb_column][et_pb_column type=\"1_4\" _builder_version=\"4.0.2\"][et_pb_blurb title=\"Sites et applications\" image=\"https:\/\/xxl-visibility.com\/wp-content\/uploads\/2019\/12\/350-000-sites-et-applications-.png\" _builder_version=\"4.0.2\" text_orientation=\"center\"]disponible en inventaire[\/et_pb_blurb][\/et_pb_column][et_pb_column type=\"1_4\" _builder_version=\"4.0.2\"][et_pb_blurb title=\"Plateformes\" image=\"https:\/\/xxl-visibility.com\/wp-content\/uploads\/2019\/12\/350-plateformes-d\u2019\u00e9change-.png\" _builder_version=\"4.0.2\" text_orientation=\"center\"]d\u2019\u00e9change publicitaire dans le monde[\/et_pb_blurb][\/et_pb_column][\/et_pb_row][\/et_pb_section][et_pb_section fb_built=\"1\" _builder_version=\"4.0.2\" background_color=\"#4b7d99\"][et_pb_row _builder_version=\"4.0.2\" custom_padding=\"||0px||false|false\"][et_pb_column type=\"4_4\" _builder_version=\"4.0.2\"][et_pb_text admin_label=\"Nos engagements\" _builder_version=\"4.0.2\"]<\/p><h2 style=\"text-align: center;\"><span style=\"color: #ffffff; font-family: helvetica, arial, sans-serif;\">Nos engagements<\/span><\/h2><p>[\/et_pb_text][\/et_pb_column][\/et_pb_row][et_pb_row column_structure=\"1_2,1_2\" _builder_version=\"4.0.2\"][et_pb_column type=\"1_2\" _builder_version=\"4.0.2\" background_color=\"rgba(0,0,0,0)\"][et_pb_text admin_label=\"Ethique\" module_class=\"liste-fond-orange\" _builder_version=\"4.0.2\" text_text_color=\"#ffffff\" background_color=\"rgba(0,0,0,0)\" custom_padding=\"||||false|false\"]<\/p><h3 style=\"text-align: center;\"><span style=\"color: #ffffff;\">Ethique<\/span><\/h3><ul><li>Nous travaillons selon la nouvelle Loi RGPD pour \u00ab\u00a0R\u00e8glement G\u00e9n\u00e9ral de Protection des Donn\u00e9es\u00a0\u00bb<\/li><li>Interdiction de collecter des donn\u00e9es personnelles<\/li><li>Les identifiants mobiles sont collect\u00e9s pour une dur\u00e9e de 30J maximum<\/li><li>Chaque identifiant mobile est crypt\u00e9<\/li><li>L\u2019utilisateur doit donner son consentement \u00e0 utiliser la fonction de g\u00e9olocalisation pour recevoir nos banni\u00e8res<\/li><\/ul><p>[\/et_pb_text][et_pb_text admin_label=\"Qualit\u00e9\" module_class=\"liste-fond-orange\" _builder_version=\"4.0.2\" text_text_color=\"#ffffff\"]<\/p><h3 style=\"text-align: center;\"><span style=\"color: #ffffff;\">Qualit\u00e9<\/span><\/h3><ul><li>Qualit\u00e9 de traffic : La diffusion de votre campagne ne s\u2019effectuera pas sur des sites inappropri\u00e9s gr\u00e2ce \u00e0 PEER39 par \u00a9Sizmek<\/li><li>20 ans d\u2019expertise dans le domaine digital\u2026<\/li><\/ul><p>[\/et_pb_text][\/et_pb_column][et_pb_column type=\"1_2\" _builder_version=\"4.0.2\" background_color=\"rgba(0,0,0,0)\"][et_pb_text admin_label=\"Confidentialit\u00e9\" module_class=\"liste-fond-orange\" _builder_version=\"4.0.2\" text_text_color=\"#ffffff\"]<\/p><h3 style=\"text-align: center;\"><span style=\"color: #ffffff;\">Confidentialit\u00e9<\/span><\/h3><p>Nous nous engageons :<\/p><ul><li>\u00c0 travailler avec un seul partenaire par secteur d\u2019activit\u00e9, par r\u00e9gions, sur une p\u00e9riode donn\u00e9e afin de ne pas vous faire de concurrence d\u00e9loyale<\/li><li>\u00c0 ne pas divulguer vos objectifs et r\u00e9sultats de campagnes<\/li><li>\u00c0 ne pas diffuser vos informations personnelles<\/li><\/ul><p>[\/et_pb_text][et_pb_text admin_label=\"R\u00e9activit\u00e9\" module_class=\"liste-fond-orange\" _builder_version=\"4.0.2\" text_text_color=\"#ffffff\"]<\/p><h3 style=\"text-align: center;\"><span style=\"color: #ffffff;\">R\u00e9activit\u00e9<\/span><\/h3><ul><li>Nous nous engageons \u00e0 lancer une campagne en\u00a072H<\/li><li>Nous incluons la cr\u00e9ation des banni\u00e8res (pitch et visuels) avec vos recommandations \u00e0 toutes nos prestations.<\/li><li>Vous recevez un reporting hebdomadaire pour mesurer l\u2019avanc\u00e9e de votre campagne \u00e0 tout moment<\/li><li>Nous sommes disponibles pour toutes questions et modifications avant, pendant et apr\u00e8s vos campagnes publicitaires.<\/li><\/ul><p>[\/et_pb_text][\/et_pb_column][\/et_pb_row][\/et_pb_section]<\/p>","_et_gb_content_width":"","footnotes":""},"class_list":["post-2808","page","type-page","status-publish","hentry"],"_links":{"self":[{"href":"https:\/\/xxl-visibility.com\/en\/wp-json\/wp\/v2\/pages\/2808","targetHints":{"allow":["GET"]}}],"collection":[{"href":"https:\/\/xxl-visibility.com\/en\/wp-json\/wp\/v2\/pages"}],"about":[{"href":"https:\/\/xxl-visibility.com\/en\/wp-json\/wp\/v2\/types\/page"}],"author":[{"embeddable":true,"href":"https:\/\/xxl-visibility.com\/en\/wp-json\/wp\/v2\/users\/1"}],"replies":[{"embeddable":true,"href":"https:\/\/xxl-visibility.com\/en\/wp-json\/wp\/v2\/comments?post=2808"}],"version-history":[{"count":21,"href":"https:\/\/xxl-visibility.com\/en\/wp-json\/wp\/v2\/pages\/2808\/revisions"}],"predecessor-version":[{"id":3100,"href":"https:\/\/xxl-visibility.com\/en\/wp-json\/wp\/v2\/pages\/2808\/revisions\/3100"}],"wp:attachment":[{"href":"https:\/\/xxl-visibility.com\/en\/wp-json\/wp\/v2\/media?parent=2808"}],"curies":[{"name":"wp","href":"https:\/\/api.w.org\/{rel}","templated":true}]}}